{"id":56579,"date":"2022-12-29T13:10:00","date_gmt":"2022-12-29T13:10:00","guid":{"rendered":""},"modified":"2025-10-30T22:14:10","modified_gmt":"2025-10-30T22:14:10","slug":"sobre-nosotros","status":"publish","type":"page","link":"https:\/\/crypto-economy.com\/es\/sobre-nosotros\/","title":{"rendered":"Sobre Nosotros"},"content":{"rendered":"<div class=\"gb-container gb-container-7746566b\"><div class=\"gb-inside-container\">\n<div class=\"gb-container gb-container-ceaa8012\"><div class=\"gb-inside-container\">\n\n<p>Crypto Economy es una plataforma multiling\u00fce independiente dedicada a Bitcoin, blockchain y el amplio mundo de las criptomonedas, en el que compartimos y analizamos las \u00faltimas noticias de los proyectos existentes y futuros del sector.<\/p>\n<p><!--more--><\/p>\n<p>Nuestra plataforma no solo brinda informaci\u00f3n, sino que tambi\u00e9n proporciona un valor a\u00f1adido a los usuarios en forma de aplicaciones \u00fatiles en el sitio. Como nuestra exclusiva calculadora de rentabilidad minera, la secci\u00f3n de cotizaciones de las principales criptomonedas, actualizada en tiempo real, o nuestra lista de ICOs con una \u00fatil cuenta atr\u00e1s configurada para estar informado sobre las fechas relevantes de cada fase de los proyectos. Continuamos trabajando en herramientas nuevas e interesantes para ofrecer un contenido atractivo y de valor a nuestros lectores.<\/p>\n<p>Somos un equipo con verdadero entusiasmo por Bitcoin y todos los dem\u00e1s proyectos relacionados, estamos seguros de los beneficios que la adopci\u00f3n de la tecnolog\u00eda Blockchain puede proporcionar. Con m\u00e1s de 5 a\u00f1os de experiencia en el sector, apasionados en nuestro prop\u00f3sito de crear conciencia sobre la existencia de Bitcoin y, por lo tanto, todo el ecosistema que comprenden las criptomonedas.<\/p>\n\n<\/div><\/div>\n<\/div><\/div>\n\n<div class=\"gb-container gb-container-e3bd233b\"><div class=\"gb-inside-container\">\n\n<h2 class=\"gb-headline gb-headline-d33dd0db gb-headline-text\">Crypto Economy Team<\/h2>\n\n<\/div><\/div>\n\n<div class=\"gb-container gb-container-bf8dc32d\"><div class=\"gb-inside-container\">\n\n<div class=\"wp-block-media-text alignwide is-stacked-on-mobile\" style=\"font-size:17px;grid-template-columns:15% auto\"><figure class=\"wp-block-media-text__media\"><img decoding=\"async\" width=\"150\" height=\"150\" src=\"http:\/\/crypto-economy.com\/es\/\/wp-content\/uploads\/sites\/4\/2019\/12\/alfonsopng.png\" alt=\"\" class=\"wp-image-20272 size-full\"\/><\/figure><div class=\"wp-block-media-text__content\">\n<p><strong>Alfonso Mart\u00ednez ( Chief Operating Officer )<\/strong><\/p>\n\n\n\n<p>Entusiasta de las criptomonedas desde 2015, amante de la tecnolog\u00eda blockchain, bitcoin, criptomonedas y todo lo que rodea a este incre\u00edble sector. Se uni\u00f3 al equipo de Crypto Economy en 2018 como editor de contenido especializado en SEO. Actualmente es el Director de Operaciones del equipo.<\/p>\n\n\n<div class=\"gb-container gb-container-615a869a\"><div class=\"gb-inside-container\">\n<div class=\"gb-button-wrapper gb-button-wrapper-0455e5e2\">\n\n<a class=\"gb-button gb-button-3cac8576\" href=\"https:\/\/www.linkedin.com\/in\/amezque\/\" target=\"_blank\" rel=\"nofollow noopener noreferrer\"><span class=\"gb-icon\"><svg aria-hidden=\"true\" role=\"img\" height=\"1em\" width=\"1em\" viewBox=\"0 0 448 512\" xmlns=\"http:\/\/www.w3.org\/2000\/svg\"><path fill=\"currentColor\" d=\"M100.28 448H7.4V148.9h92.88zM53.79 108.1C24.09 108.1 0 83.5 0 53.8a53.79 53.79 0 0 1 107.58 0c0 29.7-24.1 54.3-53.79 54.3zM447.9 448h-92.68V302.4c0-34.7-.7-79.2-48.29-79.2-48.29 0-55.69 37.7-55.69 76.7V448h-92.78V148.9h89.08v40.8h1.3c12.4-23.5 42.69-48.3 87.88-48.3 94 0 111.28 61.9 111.28 142.3V448z\"><\/path><\/svg><\/span><\/a>\n\n\n\n<a class=\"gb-button gb-button-36ed92ec\" href=\"https:\/\/twitter.com\/amezque\" target=\"_blank\" rel=\"nofollow noopener noreferrer\"><span class=\"gb-icon\"><svg aria-hidden=\"true\" role=\"img\" height=\"1em\" width=\"1em\" viewBox=\"0 0 512 512\" xmlns=\"http:\/\/www.w3.org\/2000\/svg\"><path fill=\"currentColor\" d=\"M459.37 151.716c.325 4.548.325 9.097.325 13.645 0 138.72-105.583 298.558-298.558 298.558-59.452 0-114.68-17.219-161.137-47.106 8.447.974 16.568 1.299 25.34 1.299 49.055 0 94.213-16.568 130.274-44.832-46.132-.975-84.792-31.188-98.112-72.772 6.498.974 12.995 1.624 19.818 1.624 9.421 0 18.843-1.3 27.614-3.573-48.081-9.747-84.143-51.98-84.143-102.985v-1.299c13.969 7.797 30.214 12.67 47.431 13.319-28.264-18.843-46.781-51.005-46.781-87.391 0-19.492 5.197-37.36 14.294-52.954 51.655 63.675 129.3 105.258 216.365 109.807-1.624-7.797-2.599-15.918-2.599-24.04 0-57.828 46.782-104.934 104.934-104.934 30.213 0 57.502 12.67 76.67 33.137 23.715-4.548 46.456-13.32 66.599-25.34-7.798 24.366-24.366 44.833-46.132 57.827 21.117-2.273 41.584-8.122 60.426-16.243-14.292 20.791-32.161 39.308-52.628 54.253z\"><\/path><\/svg><\/span><\/a>\n\n\n\n<a class=\"gb-button gb-button-c328795c\" href=\"mailto:alfonso@crypto-economy.com\" target=\"_blank\" rel=\"nofollow noopener noreferrer\"><span class=\"gb-icon\"><svg aria-hidden=\"true\" role=\"img\" height=\"1em\" width=\"1em\" viewBox=\"0 0 512 512\" xmlns=\"http:\/\/www.w3.org\/2000\/svg\"><path fill=\"currentColor\" d=\"M464 64H48C21.49 64 0 85.49 0 112v288c0 26.51 21.49 48 48 48h416c26.51 0 48-21.49 48-48V112c0-26.51-21.49-48-48-48zm0 48v40.805c-22.422 18.259-58.168 46.651-134.587 106.49-16.841 13.247-50.201 45.072-73.413 44.701-23.208.375-56.579-31.459-73.413-44.701C106.18 199.465 70.425 171.067 48 152.805V112h416zM48 400V214.398c22.914 18.251 55.409 43.862 104.938 82.646 21.857 17.205 60.134 55.186 103.062 54.955 42.717.231 80.509-37.199 103.053-54.947 49.528-38.783 82.032-64.401 104.947-82.653V400H48z\"><\/path><\/svg><\/span><\/a>\n\n<\/div>\n<\/div><\/div><\/div><\/div>\n\n\n\n<hr class=\"wp-block-separator has-alpha-channel-opacity is-style-default\"\/>\n\n\n\n<div class=\"wp-block-media-text alignwide has-media-on-the-right is-stacked-on-mobile\" style=\"font-size:17px;grid-template-columns:auto 15%\"><div class=\"wp-block-media-text__content\">\n<p><span style=\"\"><b>Maximiliano <\/b><\/span><strong><strong>L\u00f3pez ( Chief Editor )<\/strong><\/strong><\/p>\n\n\n\n<p>Maximiliano es licenciado en Administraci\u00f3n de Empresas y ha trabajado en diferentes medios sobre finanzas, inversiones y econom\u00eda. Pero su especialidad siempre han sido las criptomonedas, sector en el que trabaja desde hace varios a\u00f1os y del que es un entusiasta.<\/p>\n\n\n<div class=\"gb-container gb-container-909f79b9\"><div class=\"gb-inside-container\">\n<div class=\"gb-button-wrapper gb-button-wrapper-d44c255a\">\n\n<a class=\"gb-button gb-button-e270a485\" href=\"https:\/\/www.linkedin.com\/in\/maximiliano-lpez\/\" target=\"_blank\" rel=\"nofollow noopener noreferrer\"><span class=\"gb-icon\"><svg aria-hidden=\"true\" role=\"img\" height=\"1em\" width=\"1em\" viewBox=\"0 0 448 512\" xmlns=\"http:\/\/www.w3.org\/2000\/svg\"><path fill=\"currentColor\" d=\"M100.28 448H7.4V148.9h92.88zM53.79 108.1C24.09 108.1 0 83.5 0 53.8a53.79 53.79 0 0 1 107.58 0c0 29.7-24.1 54.3-53.79 54.3zM447.9 448h-92.68V302.4c0-34.7-.7-79.2-48.29-79.2-48.29 0-55.69 37.7-55.69 76.7V448h-92.78V148.9h89.08v40.8h1.3c12.4-23.5 42.69-48.3 87.88-48.3 94 0 111.28 61.9 111.28 142.3V448z\"><\/path><\/svg><\/span><\/a>\n\n\n\n<a class=\"gb-button gb-button-cad9b12d\" href=\"mailto:maximiliano@crypto-economy.com\" target=\"_blank\" rel=\"nofollow noopener noreferrer\"><span class=\"gb-icon\"><svg aria-hidden=\"true\" role=\"img\" height=\"1em\" width=\"1em\" viewBox=\"0 0 512 512\" xmlns=\"http:\/\/www.w3.org\/2000\/svg\"><path fill=\"currentColor\" d=\"M464 64H48C21.49 64 0 85.49 0 112v288c0 26.51 21.49 48 48 48h416c26.51 0 48-21.49 48-48V112c0-26.51-21.49-48-48-48zm0 48v40.805c-22.422 18.259-58.168 46.651-134.587 106.49-16.841 13.247-50.201 45.072-73.413 44.701-23.208.375-56.579-31.459-73.413-44.701C106.18 199.465 70.425 171.067 48 152.805V112h416zM48 400V214.398c22.914 18.251 55.409 43.862 104.938 82.646 21.857 17.205 60.134 55.186 103.062 54.955 42.717.231 80.509-37.199 103.053-54.947 49.528-38.783 82.032-64.401 104.947-82.653V400H48z\"><\/path><\/svg><\/span><\/a>\n\n<\/div>\n<\/div><\/div><\/div><figure class=\"wp-block-media-text__media\"><img decoding=\"async\" width=\"150\" height=\"150\" src=\"http:\/\/crypto-economy.com\/es\/\/wp-content\/uploads\/sites\/4\/2022\/12\/maxi.png\" alt=\"maxi\" class=\"wp-image-56583 size-full\"\/><\/figure><\/div>\n\n<\/div><\/div>\n\n\n<hr class=\"wp-block-separator has-alpha-channel-opacity\"\/>\n\n\n\n<div class=\"wp-block-media-text alignwide is-stacked-on-mobile\" style=\"grid-template-columns:15% auto\"><figure class=\"wp-block-media-text__media\"><img fetchpriority=\"high\" decoding=\"async\" width=\"400\" height=\"400\" src=\"https:\/\/crypto-economy.com\/es\/\/wp-content\/uploads\/sites\/4\/2023\/12\/jesus-tiano.png.webp\" alt=\"jesus-tiano\" class=\"wp-image-75003 size-full\" srcset=\"https:\/\/crypto-economy.com\/es\/\/wp-content\/uploads\/sites\/4\/2023\/12\/jesus-tiano.png.webp 400w, https:\/\/crypto-economy.com\/es\/\/wp-content\/uploads\/sites\/4\/2023\/12\/jesus-tiano.png-300x300.webp 300w, https:\/\/crypto-economy.com\/es\/\/wp-content\/uploads\/sites\/4\/2023\/12\/jesus-tiano.png-150x150.webp 150w\" sizes=\"(max-width: 400px) 100vw, 400px\" \/><\/figure><div class=\"wp-block-media-text__content\">\n<p><strong>Jesus Tiano ( Community Manager)<\/strong><\/p>\n\n\n\n<p>Jes\u00fas, nuestro dedicado Community Manager en Crypto Economy. Con una pasi\u00f3n por blockchain y una habilidad especial para fomentar comunidades en l\u00ednea atractivas, Jes\u00fas garantiza que nuestra audiencia se mantenga informada y conectada. Su compromiso con la transparencia y el di\u00e1logo abierto refleja nuestro compromiso de brindar noticias confiables sobre criptomonedas.<\/p>\n\n\n<div class=\"gb-container gb-container-132b59a1\"><div class=\"gb-inside-container\">\n<div class=\"gb-button-wrapper gb-button-wrapper-0aebdd30\">\n\n<a class=\"gb-button gb-button-e09e3432\" href=\"mailto:jesus@crypto-economy.com\" target=\"_blank\" rel=\"nofollow noopener noreferrer\"><span class=\"gb-icon\"><svg aria-hidden=\"true\" role=\"img\" height=\"1em\" width=\"1em\" viewBox=\"0 0 512 512\" xmlns=\"http:\/\/www.w3.org\/2000\/svg\"><path fill=\"currentColor\" d=\"M464 64H48C21.49 64 0 85.49 0 112v288c0 26.51 21.49 48 48 48h416c26.51 0 48-21.49 48-48V112c0-26.51-21.49-48-48-48zm0 48v40.805c-22.422 18.259-58.168 46.651-134.587 106.49-16.841 13.247-50.201 45.072-73.413 44.701-23.208.375-56.579-31.459-73.413-44.701C106.18 199.465 70.425 171.067 48 152.805V112h416zM48 400V214.398c22.914 18.251 55.409 43.862 104.938 82.646 21.857 17.205 60.134 55.186 103.062 54.955 42.717.231 80.509-37.199 103.053-54.947 49.528-38.783 82.032-64.401 104.947-82.653V400H48z\"><\/path><\/svg><\/span><\/a>\n\n<\/div>\n<\/div><\/div><\/div><\/div>\n\n\n\n<hr class=\"wp-block-separator has-alpha-channel-opacity\"\/>\n\n\n\n<div class=\"wp-block-media-text alignwide has-media-on-the-right is-stacked-on-mobile\" style=\"grid-template-columns:auto 15%\"><div class=\"wp-block-media-text__content\">\n<p><strong>Jos\u00e9 Guti\u00e9rrez<\/strong>&nbsp;<strong>( Crypto Journalist )<\/strong><\/p>\n\n\n\n<p>Jos\u00e9 Guti\u00e9rrez, un escritor experimentado con m\u00e1s de seis a\u00f1os de experiencia, es un apasionado defensor de blockchain y las criptomonedas. Est\u00e1 convencido de que estas tecnolog\u00edas desempe\u00f1ar\u00e1n un papel importante en nuestro futuro. Actualmente, Jos\u00e9 dedica su tiempo a producir noticias y realizar an\u00e1lisis en profundidad de diversos proyectos criptogr\u00e1ficos, as\u00ed como realizar an\u00e1lisis t\u00e9cnicos de diferentes criptomonedas.<\/p>\n\n\n<div class=\"gb-container gb-container-2b1b4c7b\"><div class=\"gb-inside-container\">\n<div class=\"gb-button-wrapper gb-button-wrapper-ce7be5cf\">\n\n<a class=\"gb-button gb-button-034af853\" href=\"mailto:jose@crypto-economy.com\" target=\"_blank\" rel=\"nofollow noopener noreferrer\"><span class=\"gb-icon\"><svg aria-hidden=\"true\" role=\"img\" height=\"1em\" width=\"1em\" viewBox=\"0 0 512 512\" xmlns=\"http:\/\/www.w3.org\/2000\/svg\"><path fill=\"currentColor\" d=\"M464 64H48C21.49 64 0 85.49 0 112v288c0 26.51 21.49 48 48 48h416c26.51 0 48-21.49 48-48V112c0-26.51-21.49-48-48-48zm0 48v40.805c-22.422 18.259-58.168 46.651-134.587 106.49-16.841 13.247-50.201 45.072-73.413 44.701-23.208.375-56.579-31.459-73.413-44.701C106.18 199.465 70.425 171.067 48 152.805V112h416zM48 400V214.398c22.914 18.251 55.409 43.862 104.938 82.646 21.857 17.205 60.134 55.186 103.062 54.955 42.717.231 80.509-37.199 103.053-54.947 49.528-38.783 82.032-64.401 104.947-82.653V400H48z\"><\/path><\/svg><\/span><\/a>\n\n<\/div>\n<\/div><\/div><\/div><figure class=\"wp-block-media-text__media\"><img loading=\"lazy\" decoding=\"async\" width=\"310\" height=\"310\" src=\"https:\/\/crypto-economy.com\/es\/\/wp-content\/uploads\/sites\/4\/2023\/12\/cropped-jose.jpg.webp\" alt=\"jose\" class=\"wp-image-75004 size-full\" srcset=\"https:\/\/crypto-economy.com\/es\/\/wp-content\/uploads\/sites\/4\/2023\/12\/cropped-jose.jpg.webp 310w, https:\/\/crypto-economy.com\/es\/\/wp-content\/uploads\/sites\/4\/2023\/12\/cropped-jose.jpg-300x300.webp 300w, https:\/\/crypto-economy.com\/es\/\/wp-content\/uploads\/sites\/4\/2023\/12\/cropped-jose.jpg-150x150.webp 150w\" sizes=\"(max-width: 310px) 100vw, 310px\" \/><\/figure><\/div>\n\n\n\n<hr class=\"wp-block-separator has-alpha-channel-opacity\"\/>\n\n\n\n<div class=\"wp-block-media-text alignwide is-stacked-on-mobile\" style=\"grid-template-columns:15% auto\"><figure class=\"wp-block-media-text__media\"><img loading=\"lazy\" decoding=\"async\" width=\"400\" height=\"400\" src=\"https:\/\/crypto-economy.com\/es\/\/wp-content\/uploads\/sites\/4\/2023\/12\/GUIDO.png.webp\" alt=\"GUIDO\" class=\"wp-image-75005 size-full\" srcset=\"https:\/\/crypto-economy.com\/es\/\/wp-content\/uploads\/sites\/4\/2023\/12\/GUIDO.png.webp 400w, https:\/\/crypto-economy.com\/es\/\/wp-content\/uploads\/sites\/4\/2023\/12\/GUIDO.png-300x300.webp 300w, https:\/\/crypto-economy.com\/es\/\/wp-content\/uploads\/sites\/4\/2023\/12\/GUIDO.png-150x150.webp 150w\" sizes=\"(max-width: 400px) 100vw, 400px\" \/><\/figure><div class=\"wp-block-media-text__content\">\n<p><strong>Guido Battigelli&nbsp;( Crypto Journalist )<\/strong><\/p>\n\n\n\n<p>Guido Battigelli, argentino de 26 a\u00f1os y entusiasta de las Cripto, estudio Planificaci\u00f3n de la Comunicaci\u00f3n en la UNLP. Adem\u00e1s, soy Programador Web Full Stack, formado en Egg Cooperaci\u00f3n. Disfruto leer y escribir sobre diversos temas, m\u00fasica y tambi\u00e9n soy un \u00e1vido consumidor de todo lo relacionado con la astronom\u00eda, pero lo que m\u00e1s me apasiona es el ecosistema Crypto y todo lo que lo rodea, recuerda \u201cNot Your Keys, Not Your\u201d Crypto \u00ab<\/p>\n\n\n<div class=\"gb-container gb-container-89981ec2\"><div class=\"gb-inside-container\">\n<div class=\"gb-button-wrapper gb-button-wrapper-1c6f6b41\">\n\n<a class=\"gb-button gb-button-b26d7a2a\" href=\"mailto:guido@crypto-economy.com\" target=\"_blank\" rel=\"nofollow noopener noreferrer\"><span class=\"gb-icon\"><svg aria-hidden=\"true\" role=\"img\" height=\"1em\" width=\"1em\" viewBox=\"0 0 512 512\" xmlns=\"http:\/\/www.w3.org\/2000\/svg\"><path fill=\"currentColor\" d=\"M464 64H48C21.49 64 0 85.49 0 112v288c0 26.51 21.49 48 48 48h416c26.51 0 48-21.49 48-48V112c0-26.51-21.49-48-48-48zm0 48v40.805c-22.422 18.259-58.168 46.651-134.587 106.49-16.841 13.247-50.201 45.072-73.413 44.701-23.208.375-56.579-31.459-73.413-44.701C106.18 199.465 70.425 171.067 48 152.805V112h416zM48 400V214.398c22.914 18.251 55.409 43.862 104.938 82.646 21.857 17.205 60.134 55.186 103.062 54.955 42.717.231 80.509-37.199 103.053-54.947 49.528-38.783 82.032-64.401 104.947-82.653V400H48z\"><\/path><\/svg><\/span><\/a>\n\n<\/div>\n<\/div><\/div><\/div><\/div>\n\n\n\n<hr class=\"wp-block-separator has-alpha-channel-opacity\"\/>\n\n\n\n<div class=\"wp-block-media-text alignwide has-media-on-the-right is-stacked-on-mobile\" style=\"grid-template-columns:auto 15%\"><div class=\"wp-block-media-text__content\">\n<p><strong>Fernando Zelaschi&nbsp;( Crypto Journalist )<\/strong><\/p>\n\n\n\n<p>Fernando Zelaschi, nacido en Argentina. Dedicado al dise\u00f1o multimedia, estudi\u00f3 en la FBA de la UNLP (Lic. Artes Audiovisuales) y desde hace m\u00e1s de 10 a\u00f1os ha creado contenidos digitales para diversas \u00e1reas incluyendo periodismo, tecnolog\u00edas y blockchain, finanzas y an\u00e1lisis t\u00e9cnico entre otras.<a href=\"https:\/\/twitter.com\/SubhasishBaru12\" target=\"_blank\" rel=\"noopener\"><\/a><a href=\"https:\/\/www.facebook.com\/subhasish.barua.1\/\" target=\"_blank\" rel=\"noopener\"><\/a><a href=\"https:\/\/www.linkedin.com\/in\/subhasish-barua-953b39198\/\" target=\"_blank\" rel=\"noopener\"><\/a><\/p>\n\n\n<div class=\"gb-container gb-container-f6bf7224\"><div class=\"gb-inside-container\">\n<div class=\"gb-button-wrapper gb-button-wrapper-000feb04\">\n\n<a class=\"gb-button gb-button-4fc60deb\" href=\"mailto:fernando@crypto-economy.com\" target=\"_blank\" rel=\"nofollow noopener noreferrer\"><span class=\"gb-icon\"><svg aria-hidden=\"true\" role=\"img\" height=\"1em\" width=\"1em\" viewBox=\"0 0 512 512\" xmlns=\"http:\/\/www.w3.org\/2000\/svg\"><path fill=\"currentColor\" d=\"M464 64H48C21.49 64 0 85.49 0 112v288c0 26.51 21.49 48 48 48h416c26.51 0 48-21.49 48-48V112c0-26.51-21.49-48-48-48zm0 48v40.805c-22.422 18.259-58.168 46.651-134.587 106.49-16.841 13.247-50.201 45.072-73.413 44.701-23.208.375-56.579-31.459-73.413-44.701C106.18 199.465 70.425 171.067 48 152.805V112h416zM48 400V214.398c22.914 18.251 55.409 43.862 104.938 82.646 21.857 17.205 60.134 55.186 103.062 54.955 42.717.231 80.509-37.199 103.053-54.947 49.528-38.783 82.032-64.401 104.947-82.653V400H48z\"><\/path><\/svg><\/span><\/a>\n\n<\/div>\n<\/div><\/div><\/div><figure class=\"wp-block-media-text__media\"><img loading=\"lazy\" decoding=\"async\" width=\"400\" height=\"400\" src=\"https:\/\/crypto-economy.com\/es\/\/wp-content\/uploads\/sites\/4\/2023\/12\/fernando.png.webp\" alt=\"fernando\" class=\"wp-image-75006 size-full\" srcset=\"https:\/\/crypto-economy.com\/es\/\/wp-content\/uploads\/sites\/4\/2023\/12\/fernando.png.webp 400w, https:\/\/crypto-economy.com\/es\/\/wp-content\/uploads\/sites\/4\/2023\/12\/fernando.png-300x300.webp 300w, https:\/\/crypto-economy.com\/es\/\/wp-content\/uploads\/sites\/4\/2023\/12\/fernando.png-150x150.webp 150w\" sizes=\"(max-width: 400px) 100vw, 400px\" \/><\/figure><\/div>\n\n\n\n<hr class=\"wp-block-separator has-alpha-channel-opacity\"\/>\n\n\n<div class=\"gb-container gb-container-e6a08366\"><div class=\"gb-inside-container\">\n<div class=\"gb-container gb-container-1d96582d\"><div class=\"gb-inside-container\">\n\n<h2 class=\"gb-headline gb-headline-0d151990 gb-headline-text\">Contacta con nosotros<\/h2>\n\n\n<div class=\"gb-container gb-container-1edf3866\"><div class=\"gb-inside-container\">\n\n<p class=\"has-text-align-center\"><strong><a href=\"mailto:crypto-economy.com\">info@crypto-economy.com<\/a><\/strong><\/p>\n\n\n\n<p class=\"has-text-align-center\"><strong>Crypto-Economy.com es operado por:<\/strong><\/p>\n\n\n\n<p class=\"has-text-align-center\">Black Sea Capital<\/p>\n\n<\/div><\/div>\n<\/div><\/div>\n<\/div><\/div>","protected":false},"excerpt":{"rendered":"<p>Crypto Economy es una plataforma multiling\u00fce independiente dedicada a Bitcoin, blockchain y el amplio mundo de las criptomonedas, en el que compartimos y analizamos las \u00faltimas noticias de los proyectos existentes y futuros del sector. Crypto Economy es una plataforma multiling\u00fce independiente dedicada a Bitcoin, blockchain y el amplio mundo de las criptomonedas, en el &#8230; <\/p>\n<p class=\"read-more-container\"><a title=\"Sobre Nosotros\" class=\"read-more button\" href=\"https:\/\/crypto-economy.com\/es\/sobre-nosotros\/#more-56579\" aria-label=\"Leer m\u00e1s sobre Sobre Nosotros\">Leer m\u00e1s<\/a><\/p>\n","protected":false},"author":2,"featured_media":0,"parent":0,"menu_order":0,"comment_status":"closed","ping_status":"closed","template":"","meta":{"footnotes":""},"class_list":["post-56579","page","type-page","status-publish"],"_links":{"self":[{"href":"https:\/\/crypto-economy.com\/es\/wp-json\/wp\/v2\/pages\/56579","targetHints":{"allow":["GET"]}}],"collection":[{"href":"https:\/\/crypto-economy.com\/es\/wp-json\/wp\/v2\/pages"}],"about":[{"href":"https:\/\/crypto-economy.com\/es\/wp-json\/wp\/v2\/types\/page"}],"author":[{"embeddable":true,"href":"https:\/\/crypto-economy.com\/es\/wp-json\/wp\/v2\/users\/2"}],"replies":[{"embeddable":true,"href":"https:\/\/crypto-economy.com\/es\/wp-json\/wp\/v2\/comments?post=56579"}],"version-history":[{"count":1,"href":"https:\/\/crypto-economy.com\/es\/wp-json\/wp\/v2\/pages\/56579\/revisions"}],"predecessor-version":[{"id":117400,"href":"https:\/\/crypto-economy.com\/es\/wp-json\/wp\/v2\/pages\/56579\/revisions\/117400"}],"wp:attachment":[{"href":"https:\/\/crypto-economy.com\/es\/wp-json\/wp\/v2\/media?parent=56579"}],"curies":[{"name":"wp","href":"https:\/\/api.w.org\/{rel}","templated":true}]}}