{"id":56570,"date":"2022-12-29T12:35:37","date_gmt":"2022-12-29T12:35:37","guid":{"rendered":""},"modified":"2025-10-30T22:13:47","modified_gmt":"2025-10-30T22:13:47","slug":"politica-de-periodismo-etico","status":"publish","type":"page","link":"https:\/\/crypto-economy.com\/es\/politica-de-periodismo-etico\/","title":{"rendered":"Pol\u00edtica de periodismo \u00e9tico"},"content":{"rendered":"<div class=\"gb-container gb-container-ca07f47f\"><div class=\"gb-inside-container\">\n\n<h3 data-start=\"381\" data-end=\"408\"><strong data-start=\"385\" data-end=\"408\">Resumen y Prop\u00f3sito<\/strong><\/h3>\n<p data-start=\"409\" data-end=\"874\">Nuestro <strong data-start=\"417\" data-end=\"448\">C\u00f3digo de \u00c9tica Profesional<\/strong> establece las normas que gu\u00edan la conducta de nuestro equipo editorial y comercial, garantizando integridad, transparencia y responsabilidad en todas nuestras actividades period\u00edsticas.<br data-start=\"634\" data-end=\"637\" \/>Aunque confiamos en el buen juicio de nuestros profesionales, este documento sirve como referencia para mantener una conducta coherente con los valores del medio, especialmente en situaciones que puedan generar <strong data-start=\"848\" data-end=\"873\">conflictos de inter\u00e9s<\/strong>.<\/p>\n<h3 data-start=\"881\" data-end=\"912\"><strong data-start=\"885\" data-end=\"912\">Independencia Editorial<\/strong><\/h3>\n<p data-start=\"913\" data-end=\"1353\"><strong data-start=\"913\" data-end=\"931\">Crypto Economy<\/strong> es un medio independiente y multiling\u00fce dedicado a la cobertura de noticias sobre <strong data-start=\"1014\" data-end=\"1074\">Bitcoin, blockchain y el ecosistema de las criptomonedas<\/strong>.<br data-start=\"1075\" data-end=\"1078\" \/>Las decisiones editoriales se toman <strong data-start=\"1114\" data-end=\"1161\">exclusivamente por nuestro equipo editorial<\/strong>, sin interferencias ni influencias externas. Ninguna empresa, anunciante o tercero tiene participaci\u00f3n en la definici\u00f3n de nuestra l\u00ednea editorial o en el contenido de nuestras publicaciones.<\/p>\n<p data-start=\"1355\" data-end=\"1545\">Nuestros periodistas abordan cada noticia con el m\u00e1s alto nivel de <strong data-start=\"1422\" data-end=\"1462\">objetividad, rigor y profesionalidad<\/strong>, dando el mismo valor a todas las partes involucradas, sin favoritismos ni sesgos.<\/p>\n<h3 data-start=\"1552\" data-end=\"1581\"><strong data-start=\"1556\" data-end=\"1581\">Correcci\u00f3n de Errores<\/strong><\/h3>\n<p data-start=\"1582\" data-end=\"1828\">Nos comprometemos con la <strong data-start=\"1607\" data-end=\"1639\">precisi\u00f3n y la transparencia<\/strong>.<br data-start=\"1640\" data-end=\"1643\" \/>Cualquier error detectado en nuestras publicaciones ser\u00e1 <strong data-start=\"1700\" data-end=\"1726\">corregido de inmediato<\/strong>, y se a\u00f1adir\u00e1 una nota al final del art\u00edculo informando a los lectores sobre la correcci\u00f3n realizada.<\/p>\n<h3 data-start=\"1835\" data-end=\"1875\"><strong data-start=\"1839\" data-end=\"1875\">Principios de \u00c9tica Period\u00edstica<\/strong><\/h3>\n<p data-start=\"1876\" data-end=\"2221\">Los editores, redactores y colaboradores de <strong data-start=\"1920\" data-end=\"1938\">Crypto Economy<\/strong> no podr\u00e1n favorecer a ninguna de las partes de una noticia ni aceptar compensaciones, regalos o incentivos que puedan comprometer su objetividad o independencia.<br data-start=\"2100\" data-end=\"2103\" \/>Asimismo, deber\u00e1n evitar cualquier acci\u00f3n o redacci\u00f3n que altere el significado o contexto original de la informaci\u00f3n.<\/p>\n<p data-start=\"2223\" data-end=\"2416\">Todos los <strong data-start=\"2233\" data-end=\"2257\">art\u00edculos de opini\u00f3n<\/strong>, <strong data-start=\"2259\" data-end=\"2284\">comunicados de prensa<\/strong> o <strong data-start=\"2287\" data-end=\"2314\">contenidos patrocinados<\/strong> estar\u00e1n claramente identificados como tales, garantizando la <strong data-start=\"2376\" data-end=\"2393\">transparencia<\/strong> con nuestra audiencia.<\/p>\n<p data-start=\"2418\" data-end=\"2507\">Nuestro c\u00f3digo de \u00e9tica se basa en los principios universales del periodismo responsable:<\/p>\n<ul data-start=\"2509\" data-end=\"3039\">\n<li data-start=\"2509\" data-end=\"2587\">\n<p data-start=\"2511\" data-end=\"2587\"><strong data-start=\"2511\" data-end=\"2539\">Respeto hacia los dem\u00e1s:<\/strong> Tratar a las personas con dignidad y equidad.<\/p>\n<\/li>\n<li data-start=\"2588\" data-end=\"2678\">\n<p data-start=\"2590\" data-end=\"2678\"><strong data-start=\"2590\" data-end=\"2618\">Integridad y honestidad:<\/strong> Informar con veracidad y evitar cualquier tipo de enga\u00f1o.<\/p>\n<\/li>\n<li data-start=\"2679\" data-end=\"2757\">\n<p data-start=\"2681\" data-end=\"2757\"><strong data-start=\"2681\" data-end=\"2710\">Justicia e imparcialidad:<\/strong> Mantener una postura objetiva y equilibrada.<\/p>\n<\/li>\n<li data-start=\"2758\" data-end=\"2831\">\n<p data-start=\"2760\" data-end=\"2831\"><strong data-start=\"2760\" data-end=\"2774\">Legalidad:<\/strong> Cumplir siempre con las leyes y normativas aplicables.<\/p>\n<\/li>\n<li data-start=\"2832\" data-end=\"2939\">\n<p data-start=\"2834\" data-end=\"2939\"><strong data-start=\"2834\" data-end=\"2868\">Competencia y responsabilidad:<\/strong> Asumir la responsabilidad del propio trabajo y buscar la excelencia.<\/p>\n<\/li>\n<li data-start=\"2940\" data-end=\"3039\">\n<p data-start=\"2942\" data-end=\"3039\"><strong data-start=\"2942\" data-end=\"2964\">Trabajo en equipo:<\/strong> Colaborar de manera constructiva y solicitar ayuda cuando sea necesario.<\/p>\n<\/li>\n<\/ul>\n<p data-start=\"3041\" data-end=\"3262\">Al igual que los medios m\u00e1s reconocidos, <strong data-start=\"3082\" data-end=\"3100\">Crypto Economy<\/strong> respeta la confidencialidad de sus fuentes y contrasta cuidadosamente la informaci\u00f3n antes de publicarla, con el fin de ofrecer <strong data-start=\"3229\" data-end=\"3261\">contenidos veraces y fiables<\/strong>.<\/p>\n<p data-start=\"3264\" data-end=\"3388\">Rechazamos cualquier tipo de contenido que no cumpla con nuestros <strong data-start=\"3330\" data-end=\"3348\">valores \u00e9ticos<\/strong> o con la <strong data-start=\"3358\" data-end=\"3377\">l\u00ednea editorial<\/strong> del medio.<\/p>\n<h3 data-start=\"3395\" data-end=\"3438\"><strong data-start=\"3399\" data-end=\"3438\">Publicidad, Marketing y Promociones<\/strong><\/h3>\n<p data-start=\"3439\" data-end=\"3692\">Todos los anuncios, patrocinios y materiales promocionales publicados en nuestro sitio son revisados previamente por el equipo editorial. Cualquier contenido que no cumpla con nuestros <strong data-start=\"3624\" data-end=\"3658\">est\u00e1ndares \u00e9ticos o de calidad<\/strong> ser\u00e1 <strong data-start=\"3664\" data-end=\"3689\">rechazado o eliminado<\/strong>.<\/p>\n<p data-start=\"3694\" data-end=\"3951\">Nuestras <strong data-start=\"3703\" data-end=\"3721\">redes sociales<\/strong> se utilizan exclusivamente para ampliar el alcance de nuestras publicaciones. Los editores y colaboradores pueden participar en las conversaciones generadas en estos espacios, siempre con <strong data-start=\"3910\" data-end=\"3950\">respeto, transparencia y objetividad<\/strong>.<\/p>\n\n<\/div><\/div>","protected":false},"excerpt":{"rendered":"<p>Resumen y Prop\u00f3sito Nuestro C\u00f3digo de \u00c9tica Profesional establece las normas que gu\u00edan la conducta de nuestro equipo editorial y comercial, garantizando integridad, transparencia y responsabilidad en todas nuestras actividades period\u00edsticas.Aunque confiamos en el buen juicio de nuestros profesionales, este documento sirve como referencia para mantener una conducta coherente con los valores del medio, especialmente &#8230; <\/p>\n<p class=\"read-more-container\"><a title=\"Pol\u00edtica de periodismo \u00e9tico\" class=\"read-more button\" href=\"https:\/\/crypto-economy.com\/es\/politica-de-periodismo-etico\/#more-56570\" aria-label=\"Leer m\u00e1s sobre Pol\u00edtica de periodismo \u00e9tico\">Leer m\u00e1s<\/a><\/p>\n","protected":false},"author":2,"featured_media":0,"parent":0,"menu_order":0,"comment_status":"closed","ping_status":"closed","template":"","meta":{"footnotes":""},"class_list":["post-56570","page","type-page","status-publish"],"_links":{"self":[{"href":"https:\/\/crypto-economy.com\/es\/wp-json\/wp\/v2\/pages\/56570","targetHints":{"allow":["GET"]}}],"collection":[{"href":"https:\/\/crypto-economy.com\/es\/wp-json\/wp\/v2\/pages"}],"about":[{"href":"https:\/\/crypto-economy.com\/es\/wp-json\/wp\/v2\/types\/page"}],"author":[{"embeddable":true,"href":"https:\/\/crypto-economy.com\/es\/wp-json\/wp\/v2\/users\/2"}],"replies":[{"embeddable":true,"href":"https:\/\/crypto-economy.com\/es\/wp-json\/wp\/v2\/comments?post=56570"}],"version-history":[{"count":2,"href":"https:\/\/crypto-economy.com\/es\/wp-json\/wp\/v2\/pages\/56570\/revisions"}],"predecessor-version":[{"id":117397,"href":"https:\/\/crypto-economy.com\/es\/wp-json\/wp\/v2\/pages\/56570\/revisions\/117397"}],"wp:attachment":[{"href":"https:\/\/crypto-economy.com\/es\/wp-json\/wp\/v2\/media?parent=56570"}],"curies":[{"name":"wp","href":"https:\/\/api.w.org\/{rel}","templated":true}]}}