{"id":56214,"date":"2019-10-24T12:00:37","date_gmt":"2019-10-24T12:00:37","guid":{"rendered":""},"modified":"2024-04-16T08:46:24","modified_gmt":"2024-04-16T08:46:24","slug":"contacto","status":"publish","type":"page","link":"https:\/\/crypto-economy.com\/es\/contacto\/","title":{"rendered":"Contacta con Nosotros"},"content":{"rendered":"\n<p>Nuestro equipo de editores y periodistas est\u00e1 comprometido con la mejor calidad de informaci\u00f3n, as\u00ed que si tienes alguna pregunta o comentario sobre nuestro contenido, no dudes en contactarnos. Estaremos encantados de escuchar de usted.<\/p>\n\n\n\n<p>Si deseas publicar una nota de prensa, un art\u00edculo de invitado o promocionar tu proyecto rellena este formulario y contactaremos contigo lo antes posible.<\/p>\n\n\n\n<div class=\"wpcf7 no-js\" id=\"wpcf7-f82315-o1\" lang=\"es-ES\" dir=\"ltr\" data-wpcf7-id=\"82315\">\n<div class=\"screen-reader-response\"><p role=\"status\" aria-live=\"polite\" aria-atomic=\"true\"><\/p> <ul><\/ul><\/div>\n<form action=\"\/es\/wp-json\/wp\/v2\/pages\/56214#wpcf7-f82315-o1\" method=\"post\" class=\"wpcf7-form init\" aria-label=\"Formulario de contacto\" novalidate=\"novalidate\" data-status=\"init\">\n<div style=\"display: none;\">\n<input type=\"hidden\" name=\"_wpcf7\" value=\"82315\" \/>\n<input type=\"hidden\" name=\"_wpcf7_version\" value=\"6.0.6\" \/>\n<input type=\"hidden\" name=\"_wpcf7_locale\" value=\"es_ES\" \/>\n<input type=\"hidden\" name=\"_wpcf7_unit_tag\" value=\"wpcf7-f82315-o1\" \/>\n<input type=\"hidden\" name=\"_wpcf7_container_post\" value=\"0\" \/>\n<input type=\"hidden\" name=\"_wpcf7_posted_data_hash\" value=\"\" \/>\n<input type=\"hidden\" name=\"_wpcf7_recaptcha_response\" value=\"\" \/>\n<\/div>\n<p><label> Tu nombre<br \/>\n<span class=\"wpcf7-form-control-wrap\" data-name=\"your-name\"><input size=\"40\" maxlength=\"400\" class=\"wpcf7-form-control wpcf7-text wpcf7-validates-as-required\" autocomplete=\"name\" aria-required=\"true\" aria-invalid=\"false\" value=\"\" type=\"text\" name=\"your-name\" \/><\/span> <\/label>\n<\/p>\n<p><label> Tu correo electr\u00f3nico<br \/>\n<span class=\"wpcf7-form-control-wrap\" data-name=\"your-email\"><input size=\"40\" maxlength=\"400\" class=\"wpcf7-form-control wpcf7-email wpcf7-validates-as-required wpcf7-text wpcf7-validates-as-email\" autocomplete=\"email\" aria-required=\"true\" aria-invalid=\"false\" value=\"\" type=\"email\" name=\"your-email\" \/><\/span> <\/label>\n<\/p>\n<p><label> Asunto<br \/>\n<span class=\"wpcf7-form-control-wrap\" data-name=\"your-subject\"><input size=\"40\" maxlength=\"400\" class=\"wpcf7-form-control wpcf7-text wpcf7-validates-as-required\" aria-required=\"true\" aria-invalid=\"false\" value=\"\" type=\"text\" name=\"your-subject\" \/><\/span> <\/label>\n<\/p>\n<p><label> Tu mensaje (opcional)<br \/>\n<span class=\"wpcf7-form-control-wrap\" data-name=\"your-message\"><textarea cols=\"40\" rows=\"10\" maxlength=\"2000\" class=\"wpcf7-form-control wpcf7-textarea\" aria-invalid=\"false\" name=\"your-message\"><\/textarea><\/span> <\/label>\n<\/p>\n<p><span class=\"wpcf7-form-control-wrap\" data-name=\"checkbox-958\"><span class=\"wpcf7-form-control wpcf7-checkbox wpcf7-validates-as-required\"><span class=\"wpcf7-list-item first last\"><label><input type=\"checkbox\" name=\"checkbox-958[]\" value=\"Acepto la pol\u00edtica de privacidad.\" \/><span class=\"wpcf7-list-item-label\">Acepto la pol\u00edtica de privacidad.<\/span><\/label><\/span><\/span><\/span>\n<\/p>\n<p><input class=\"wpcf7-form-control wpcf7-submit has-spinner\" type=\"submit\" value=\"Enviar\" \/>\n<\/p><div class=\"wpcf7-response-output\" aria-hidden=\"true\"><\/div>\n<\/form>\n<\/div>\n\n\n\n<div class=\"gb-container gb-container-e6ed8281\"><div class=\"gb-inside-container\"><\/div><\/div>","protected":false},"excerpt":{"rendered":"<p>Nuestro equipo de editores y periodistas est\u00e1 comprometido con la mejor calidad de informaci\u00f3n, as\u00ed que si tienes alguna pregunta o comentario sobre nuestro contenido, no dudes en contactarnos. Estaremos encantados de escuchar de usted. Si deseas publicar una nota de prensa, un art\u00edculo de invitado o promocionar tu proyecto rellena este formulario y contactaremos &#8230; <\/p>\n<p class=\"read-more-container\"><a title=\"Contacta con Nosotros\" class=\"read-more button\" href=\"https:\/\/crypto-economy.com\/es\/contacto\/#more-56214\" aria-label=\"Leer m\u00e1s sobre Contacta con Nosotros\">Leer m\u00e1s<\/a><\/p>\n","protected":false},"author":2,"featured_media":0,"parent":0,"menu_order":0,"comment_status":"closed","ping_status":"closed","template":"","meta":{"footnotes":""},"class_list":["post-56214","page","type-page","status-publish"],"_links":{"self":[{"href":"https:\/\/crypto-economy.com\/es\/wp-json\/wp\/v2\/pages\/56214","targetHints":{"allow":["GET"]}}],"collection":[{"href":"https:\/\/crypto-economy.com\/es\/wp-json\/wp\/v2\/pages"}],"about":[{"href":"https:\/\/crypto-economy.com\/es\/wp-json\/wp\/v2\/types\/page"}],"author":[{"embeddable":true,"href":"https:\/\/crypto-economy.com\/es\/wp-json\/wp\/v2\/users\/2"}],"replies":[{"embeddable":true,"href":"https:\/\/crypto-economy.com\/es\/wp-json\/wp\/v2\/comments?post=56214"}],"version-history":[{"count":3,"href":"https:\/\/crypto-economy.com\/es\/wp-json\/wp\/v2\/pages\/56214\/revisions"}],"predecessor-version":[{"id":82316,"href":"https:\/\/crypto-economy.com\/es\/wp-json\/wp\/v2\/pages\/56214\/revisions\/82316"}],"wp:attachment":[{"href":"https:\/\/crypto-economy.com\/es\/wp-json\/wp\/v2\/media?parent=56214"}],"curies":[{"name":"wp","href":"https:\/\/api.w.org\/{rel}","templated":true}]}}