{"id":56208,"date":"2018-11-26T00:00:00","date_gmt":"2018-11-26T00:00:00","guid":{"rendered":""},"modified":"2025-10-30T22:13:21","modified_gmt":"2025-10-30T22:13:21","slug":"concursos-bases-legales","status":"publish","type":"page","link":"https:\/\/crypto-economy.com\/es\/concursos-bases-legales\/","title":{"rendered":"Concursos &#8211; Bases Legales"},"content":{"rendered":"<h2 style=\"text-align: justify;\"><strong>BASES LEGALES\u00a0<\/strong><\/h2>\n<h3 style=\"text-align: justify;\"><strong>1. IDENTIFICACI\u00d3N DEL ORGANIZADOR<\/strong><\/h3>\n<p style=\"text-align: justify;\">El organizador de estos concursos es Crypto Economy y podr\u00e1 ponerse en contacto con nosotros a trav\u00e9s del\u00a0Email: <a href=\"mailto:info@crypto-economy.com\">info@crypto-economy.com<\/a><\/p>\n<h3 style=\"text-align: justify;\"><strong>2. \u00c1MBITO TERRITORIAL<\/strong><\/h3>\n<p style=\"text-align: justify;\">Los concursos realizados por Crypto Economy no tienen restricci\u00f3n territorial, por lo que pueden participar los residentes en cualquier lugar del mundo.<\/p>\n<h3 style=\"text-align: justify;\"><strong>3. FECHAS DE INICIO Y FIN<\/strong><\/h3>\n<p style=\"text-align: justify;\">La fecha de inicio y fin de los concursos ser\u00e1n indicados en las bases espec\u00edficas de los mismos.<\/p>\n<h3 style=\"text-align: justify;\"><strong>4. PARTICIPACI\u00d3N<\/strong><\/h3>\n<p style=\"text-align: justify;\">Condiciones que se deben cumplir para poder participar en la promoci\u00f3n.<\/p>\n<ul style=\"text-align: justify;\">\n<li>Mayores de 18 a\u00f1os<\/li>\n<li>Solo una participaci\u00f3n por concursante (si en alg\u00fan concurso se permiten m\u00e1s entradas\u00a0se especificar\u00e1 en las bases del mismo)<\/li>\n<li>Cualquier falta de respeto hacia otro concursante ser\u00e1 motivo de expulsi\u00f3n.<\/li>\n<li>Si los concursos requieren cualquier tipo de participaci\u00f3n de alg\u00fan tipo deber\u00e1n ser originales, si se detectan copias ser\u00e1n eliminadas del concurso autom\u00e1ticamente.<\/li>\n<\/ul>\n<h3 style=\"text-align: justify;\"><strong>5. GANADORES Y PREMIOS<\/strong><\/h3>\n<p style=\"text-align: justify;\">Los ganadores ser\u00e1n elegidos por el equipo de Crypto Economy o por la aplicaci\u00f3n destinada a dicha elecci\u00f3n. y se publicar\u00e1n en las diferentes redes sociales de Crypto Economy.<\/p>\n<p><a href=\"https:\/\/twitter.com\/crypto_economy\" target=\"_blank\" rel=\"noopener\">https:\/\/twitter.com\/crypto_economy<\/a><\/p>\n<p><a href=\"https:\/\/twitter.com\/CryptoEconomyEN\" target=\"_blank\" rel=\"noopener\">https:\/\/twitter.com\/CryptoEconomyEN<\/a><\/p>\n<h3 style=\"text-align: justify;\"><strong>6. PROTECCI\u00d3N DE DATOS DE CAR\u00c1CTER PERSONAL<\/strong><\/h3>\n<p style=\"text-align: justify;\">En este enlace podr\u00e1 ver toda la informaci\u00f3n sobre el tratamiento que Crypto Economy hace con los datos recibidos.<\/p>\n<p><a href=\"https:\/\/crypto-economy.com\/es\/politica-de-privacidad\/\">https:\/\/crypto-economy.com\/es\/politica-de-privacidad\/<\/a><\/p>\n<h3 style=\"text-align: justify;\"><strong>7. EXONERACI\u00d3N DE RESPONSABILIDAD DEL ORGANIZADOR EN CASO DE INCUMPLIMIENTO DE LOS PARTICIPANTES<\/strong><\/h3>\n<p style=\"text-align: justify;\">Crypto Economy se exime de cualquier responsabilidad en caso de que alguno de los participantes realice un mal uso de su participaci\u00f3n o incumpla las bases legales de los concursos.<\/p>\n<h3 style=\"text-align: justify;\"><strong>8. DERECHOS DE IMAGEN Y\/O PROPIEDAD INTELECTUAL<\/strong><\/h3>\n<p style=\"text-align: justify;\">Al participar en los concursos realizados por Crypto Economy, aceptas que tu nombre o foto sea publicado como ganador o participante en nuestras redes sociales.<\/p>\n<p style=\"text-align: justify;\">Adem\u00e1s se acepta la cesi\u00f3n de los derechos de propiedad intelectual de las participaciones a Crypto Economy para que los utilice como suyos en publicaciones futuras.<\/p>\n<h3 style=\"text-align: justify;\"><strong>9. CONTACTO Y RECLAMACIONES<\/strong><\/h3>\n<p style=\"text-align: justify;\">Si tiene cualquier duda o reclamaci\u00f3n puede contactar con nosotros a trav\u00e9s de <a href=\"mailto:info@crypto-economy.com\/es\">info@crypto-economy.com<\/a><\/p>\n<h4 style=\"text-align: justify;\"><strong>10. ACEPTACI\u00d3N DE LAS BASES<\/strong><\/h4>\n<p style=\"text-align: justify;\">Al participar en los concursos, los participantes aceptan las condiciones de la misma seg\u00fan las bases legales aqu\u00ed descritas.<\/p>\n<p style=\"text-align: justify;\">Crypto Economy se guarda el derecho de modificar estas bases legales en cualquier momento.<\/p>\n","protected":false},"excerpt":{"rendered":"<p>BASES LEGALES\u00a0 1. IDENTIFICACI\u00d3N DEL ORGANIZADOR El organizador de estos concursos es Crypto Economy y podr\u00e1 ponerse en contacto con nosotros a trav\u00e9s del\u00a0Email: info@crypto-economy.com 2. \u00c1MBITO TERRITORIAL Los concursos realizados por Crypto Economy no tienen restricci\u00f3n territorial, por lo que pueden participar los residentes en cualquier lugar del mundo. 3. FECHAS DE INICIO Y &#8230; <\/p>\n<p class=\"read-more-container\"><a title=\"Concursos &#8211; Bases Legales\" class=\"read-more button\" href=\"https:\/\/crypto-economy.com\/es\/concursos-bases-legales\/#more-56208\" aria-label=\"Leer m\u00e1s sobre Concursos &#8211; Bases Legales\">Leer m\u00e1s<\/a><\/p>\n","protected":false},"author":2,"featured_media":0,"parent":0,"menu_order":0,"comment_status":"closed","ping_status":"closed","template":"","meta":{"footnotes":""},"class_list":["post-56208","page","type-page","status-publish"],"_links":{"self":[{"href":"https:\/\/crypto-economy.com\/es\/wp-json\/wp\/v2\/pages\/56208","targetHints":{"allow":["GET"]}}],"collection":[{"href":"https:\/\/crypto-economy.com\/es\/wp-json\/wp\/v2\/pages"}],"about":[{"href":"https:\/\/crypto-economy.com\/es\/wp-json\/wp\/v2\/types\/page"}],"author":[{"embeddable":true,"href":"https:\/\/crypto-economy.com\/es\/wp-json\/wp\/v2\/users\/2"}],"replies":[{"embeddable":true,"href":"https:\/\/crypto-economy.com\/es\/wp-json\/wp\/v2\/comments?post=56208"}],"version-history":[{"count":2,"href":"https:\/\/crypto-economy.com\/es\/wp-json\/wp\/v2\/pages\/56208\/revisions"}],"predecessor-version":[{"id":112604,"href":"https:\/\/crypto-economy.com\/es\/wp-json\/wp\/v2\/pages\/56208\/revisions\/112604"}],"wp:attachment":[{"href":"https:\/\/crypto-economy.com\/es\/wp-json\/wp\/v2\/media?parent=56208"}],"curies":[{"name":"wp","href":"https:\/\/api.w.org\/{rel}","templated":true}]}}