{"id":56203,"date":"2018-03-07T00:00:00","date_gmt":"2018-03-07T00:00:00","guid":{"rendered":""},"modified":"2023-11-30T11:32:59","modified_gmt":"2023-11-30T11:32:59","slug":"cotizacion-iota","status":"publish","type":"page","link":"https:\/\/crypto-economy.com\/es\/cotizacion-iota\/","title":{"rendered":"Precio de IOTA [MIOTA]"},"content":{"rendered":"\t\t<div data-elementor-type=\"wp-page\" data-elementor-id=\"56203\" class=\"elementor elementor-56203\" data-elementor-post-type=\"page\">\n\t\t\t\t<div class=\"elementor-element elementor-element-7b92b0f0 e-con-full e-flex e-con e-parent\" data-id=\"7b92b0f0\" data-element_type=\"container\">\n\t\t<div class=\"elementor-element elementor-element-5ea23e0c e-flex e-con-boxed e-con e-child\" data-id=\"5ea23e0c\" data-element_type=\"container\">\n\t\t\t\t\t<div class=\"e-con-inner\">\n\t\t<div class=\"elementor-element elementor-element-33e1b974 e-con-full e-flex e-con e-child\" data-id=\"33e1b974\" data-element_type=\"container\">\n\t\t\t\t<div class=\"elementor-element elementor-element-46bfa17e elementor-widget elementor-widget-html\" data-id=\"46bfa17e\" data-element_type=\"widget\" data-widget_type=\"html.default\">\n\t\t\t\t<div class=\"elementor-widget-container\">\n\t\t\t<!-- TradingView Widget BEGIN -->\n<div class=\"tradingview-widget-container\">\n  <div class=\"tradingview-widget-container__widget\"><\/div>\n  <div class=\"tradingview-widget-copyright\"><a href=\"https:\/\/es.tradingview.com\/\" rel=\"noopener nofollow\" target=\"_blank\"><span class=\"blue-text\">Siga los mercados en TradingView<\/span><\/a><\/div>\n  <script type=\"text\/javascript\" src=\"https:\/\/s3.tradingview.com\/external-embedding\/embed-widget-symbol-info.js\" async>\n  {\n  \"symbol\": \"BITFINEX:IOTUSD\",\n  \"width\": \"100%\",\n  \"locale\": \"es\",\n  \"colorTheme\": \"light\",\n  \"isTransparent\": true\n}\n  <\/script>\n<\/div>\n<!-- TradingView Widget END -->\t\t<\/div>\n\t\t\t\t<\/div>\n\t\t\t\t<div class=\"elementor-element elementor-element-4f5c19a elementor-widget elementor-widget-heading\" data-id=\"4f5c19a\" data-element_type=\"widget\" data-widget_type=\"heading.default\">\n\t\t\t\t<div class=\"elementor-widget-container\">\n\t\t\t<style>\/*! elementor - v3.21.0 - 15-04-2024 *\/\n.elementor-heading-title{padding:0;margin:0;line-height:1}.elementor-widget-heading .elementor-heading-title[class*=elementor-size-]>a{color:inherit;font-size:inherit;line-height:inherit}.elementor-widget-heading .elementor-heading-title.elementor-size-small{font-size:15px}.elementor-widget-heading .elementor-heading-title.elementor-size-medium{font-size:19px}.elementor-widget-heading .elementor-heading-title.elementor-size-large{font-size:29px}.elementor-widget-heading .elementor-heading-title.elementor-size-xl{font-size:39px}.elementor-widget-heading .elementor-heading-title.elementor-size-xxl{font-size:59px}<\/style><h2 class=\"elementor-heading-title elementor-size-default\">IOTA\/USD - CHART  <\/h2>\t\t<\/div>\n\t\t\t\t<\/div>\n\t\t\t\t<div class=\"elementor-element elementor-element-7fed8922 elementor-widget elementor-widget-html\" data-id=\"7fed8922\" data-element_type=\"widget\" data-widget_type=\"html.default\">\n\t\t\t\t<div class=\"elementor-widget-container\">\n\t\t\t<!-- TradingView Widget BEGIN -->\n<div class=\"tradingview-widget-container\">\n  <div id=\"tradingview_459d9\"><\/div>\n  <div class=\"tradingview-widget-copyright\"><a href=\"https:\/\/es.tradingview.com\/\" rel=\"noopener nofollow\" target=\"_blank\"><span class=\"blue-text\">Siga los mercados en TradingView<\/span><\/a><\/div>\n  <script type=\"text\/javascript\" src=\"https:\/\/s3.tradingview.com\/tv.js\"><\/script>\n  <script type=\"text\/javascript\">\n  new TradingView.widget(\n  {\n  \"width\": \"100%\",\n  \"height\": \"610\",\n  \"symbol\": \"BITFINEX:IOTUSD\",\n  \"interval\": \"D\",\n  \"timezone\": \"Etc\/UTC\",\n  \"theme\": \"light\",\n  \"style\": \"1\",\n  \"locale\": \"es\",\n  \"enable_publishing\": false,\n  \"allow_symbol_change\": true,\n  \"container_id\": \"tradingview_459d9\"\n}\n  );\n  <\/script>\n<\/div>\n<!-- TradingView Widget END -->\t\t<\/div>\n\t\t\t\t<\/div>\n\t\t\t\t<div class=\"elementor-element elementor-element-438d52d2 elementor-widget elementor-widget-heading\" data-id=\"438d52d2\" data-element_type=\"widget\" data-widget_type=\"heading.default\">\n\t\t\t\t<div class=\"elementor-widget-container\">\n\t\t\t<h2 class=\"elementor-heading-title elementor-size-default\">IOTA\/BTC - CHART  <\/h2>\t\t<\/div>\n\t\t\t\t<\/div>\n\t\t\t\t<div class=\"elementor-element elementor-element-05dbf8a elementor-widget elementor-widget-html\" data-id=\"05dbf8a\" data-element_type=\"widget\" data-widget_type=\"html.default\">\n\t\t\t\t<div class=\"elementor-widget-container\">\n\t\t\t<!-- TradingView Widget BEGIN -->\n<div class=\"tradingview-widget-container\">\n  <div id=\"tradingview_3a89e\"><\/div>\n  <div class=\"tradingview-widget-copyright\"><a href=\"https:\/\/es.tradingview.com\/\" rel=\"noopener nofollow\" target=\"_blank\"><span class=\"blue-text\">Siga los mercados en TradingView<\/span><\/a><\/div>\n  <script type=\"text\/javascript\" src=\"https:\/\/s3.tradingview.com\/tv.js\"><\/script>\n  <script type=\"text\/javascript\">\n  new TradingView.widget(\n  {\n  \"width\": \"100%\",\n  \"height\": \"610\",\n  \"symbol\": \"BINANCE:IOTABTC\",\n  \"interval\": \"D\",\n  \"timezone\": \"Etc\/UTC\",\n  \"theme\": \"light\",\n  \"style\": \"1\",\n  \"locale\": \"es\",\n  \"enable_publishing\": false,\n  \"allow_symbol_change\": true,\n  \"container_id\": \"tradingview_3a89e\"\n}\n  );\n  <\/script>\n<\/div>\n<!-- TradingView Widget END -->\t\t<\/div>\n\t\t\t\t<\/div>\n\t\t\t\t<div class=\"elementor-element elementor-element-637fcbe9 elementor-widget elementor-widget-heading\" data-id=\"637fcbe9\" data-element_type=\"widget\" data-widget_type=\"heading.default\">\n\t\t\t\t<div class=\"elementor-widget-container\">\n\t\t\t<h2 class=\"elementor-heading-title elementor-size-default\">IOTA (MIOTA) - SENTIMIENTO DEL MERCADO<\/h2>\t\t<\/div>\n\t\t\t\t<\/div>\n\t\t\t\t<div class=\"elementor-element elementor-element-67cc375a elementor-widget elementor-widget-html\" data-id=\"67cc375a\" data-element_type=\"widget\" data-widget_type=\"html.default\">\n\t\t\t\t<div class=\"elementor-widget-container\">\n\t\t\t<!-- TradingView Widget BEGIN -->\n<div class=\"tradingview-widget-container\">\n  <div class=\"tradingview-widget-container__widget\"><\/div>\n  <div class=\"tradingview-widget-copyright\"><a href=\"https:\/\/es.tradingview.com\/\" rel=\"noopener nofollow\" target=\"_blank\"><span class=\"blue-text\">Siga los mercados en TradingView<\/span><\/a><\/div>\n  <script type=\"text\/javascript\" src=\"https:\/\/s3.tradingview.com\/external-embedding\/embed-widget-technical-analysis.js\" async>\n  {\n  \"interval\": \"1m\",\n  \"width\": \"100%\",\n  \"isTransparent\": false,\n  \"height\": \"450\",\n  \"symbol\": \"BITFINEX:IOTUSD\",\n  \"showIntervalTabs\": true,\n  \"displayMode\": \"single\",\n  \"locale\": \"es\",\n  \"colorTheme\": \"light\"\n}\n  <\/script>\n<\/div>\n<!-- TradingView Widget END -->\t\t<\/div>\n\t\t\t\t<\/div>\n\t\t\t\t<div class=\"elementor-element elementor-element-1fa8492a elementor-widget elementor-widget-heading\" data-id=\"1fa8492a\" data-element_type=\"widget\" data-widget_type=\"heading.default\">\n\t\t\t\t<div class=\"elementor-widget-container\">\n\t\t\t<h2 class=\"elementor-heading-title elementor-size-default\">COTIZACI\u00d3N IOTA (MIOTA)<\/h2>\t\t<\/div>\n\t\t\t\t<\/div>\n\t\t\t\t<div class=\"elementor-element elementor-element-7db026c elementor-widget elementor-widget-text-editor\" data-id=\"7db026c\" data-element_type=\"widget\" data-widget_type=\"text-editor.default\">\n\t\t\t\t<div class=\"elementor-widget-container\">\n\t\t\t<style>\/*! elementor - v3.21.0 - 15-04-2024 *\/\n.elementor-widget-text-editor.elementor-drop-cap-view-stacked .elementor-drop-cap{background-color:#69727d;color:#fff}.elementor-widget-text-editor.elementor-drop-cap-view-framed .elementor-drop-cap{color:#69727d;border:3px solid;background-color:transparent}.elementor-widget-text-editor:not(.elementor-drop-cap-view-default) .elementor-drop-cap{margin-top:8px}.elementor-widget-text-editor:not(.elementor-drop-cap-view-default) .elementor-drop-cap-letter{width:1em;height:1em}.elementor-widget-text-editor .elementor-drop-cap{float:left;text-align:center;line-height:1;font-size:50px}.elementor-widget-text-editor .elementor-drop-cap-letter{display:inline-block}<\/style>\t\t\t\t<p>Aqu\u00ed podr\u00e1s encontrar <strong>informaci\u00f3n sobre la cotizaci\u00f3n de <a href=\"https:\/\/crypto-economy.com\/es\/que-es-iota\/\">IOTA<\/a>, la criptomoneda de tercera generaci\u00f3n<\/strong> en sus diferentes pares de precios, <strong>IOTA\/BTC, IOTA\/USD<\/strong>\u00bfCu\u00e1nto cuesta un Iota? o \u00bfCu\u00e1ntos iotas puedo comprar con 1 bitcoin?.<\/p>\n<p><!-- \/wp:paragraph --><!-- wp:more --><\/p>\n<p><\/p><\/div><\/div><\/div><\/div><\/div><\/div><\/div><p class=\"read-more-container\"><a title=\"Precio de IOTA [MIOTA]\" class=\"read-more button\" href=\"https:\/\/crypto-economy.com\/es\/cotizacion-iota\/#more-56203\" aria-label=\"Leer m\u00e1s sobre Precio de IOTA [MIOTA]\">Leer m\u00e1s<\/a><\/p>","protected":false},"excerpt":{"rendered":"<p>Siga los mercados en TradingView IOTA\/USD &#8211; CHART Siga los mercados en TradingView IOTA\/BTC &#8211; CHART Siga los mercados en TradingView IOTA (MIOTA) &#8211; SENTIMIENTO DEL MERCADO Siga los mercados en TradingView COTIZACI\u00d3N IOTA (MIOTA) Aqu\u00ed podr\u00e1s encontrar informaci\u00f3n sobre la cotizaci\u00f3n de IOTA, la criptomoneda de tercera generaci\u00f3n en sus diferentes pares de precios, &#8230; <\/p>\n<p class=\"read-more-container\"><a title=\"Precio de IOTA [MIOTA]\" class=\"read-more button\" href=\"https:\/\/crypto-economy.com\/es\/cotizacion-iota\/#more-56203\" aria-label=\"Leer m\u00e1s sobre Precio de IOTA [MIOTA]\">Leer m\u00e1s<\/a><\/p>\n","protected":false},"author":2,"featured_media":0,"parent":0,"menu_order":0,"comment_status":"closed","ping_status":"closed","template":"elementor_header_footer","meta":{"footnotes":""},"class_list":["post-56203","page","type-page","status-publish"],"_links":{"self":[{"href":"https:\/\/crypto-economy.com\/es\/wp-json\/wp\/v2\/pages\/56203","targetHints":{"allow":["GET"]}}],"collection":[{"href":"https:\/\/crypto-economy.com\/es\/wp-json\/wp\/v2\/pages"}],"about":[{"href":"https:\/\/crypto-economy.com\/es\/wp-json\/wp\/v2\/types\/page"}],"author":[{"embeddable":true,"href":"https:\/\/crypto-economy.com\/es\/wp-json\/wp\/v2\/users\/2"}],"replies":[{"embeddable":true,"href":"https:\/\/crypto-economy.com\/es\/wp-json\/wp\/v2\/comments?post=56203"}],"version-history":[{"count":0,"href":"https:\/\/crypto-economy.com\/es\/wp-json\/wp\/v2\/pages\/56203\/revisions"}],"wp:attachment":[{"href":"https:\/\/crypto-economy.com\/es\/wp-json\/wp\/v2\/media?parent=56203"}],"curies":[{"name":"wp","href":"https:\/\/api.w.org\/{rel}","templated":true}]}}