{"id":56200,"date":"2018-03-07T00:00:00","date_gmt":"2018-03-07T00:00:00","guid":{"rendered":""},"modified":"2023-11-30T11:25:52","modified_gmt":"2023-11-30T11:25:52","slug":"cotizacion-ethereum","status":"publish","type":"page","link":"https:\/\/crypto-economy.com\/es\/cotizacion-ethereum\/","title":{"rendered":"Precio de Ethereum [ETH]"},"content":{"rendered":"\t\t<div data-elementor-type=\"wp-page\" data-elementor-id=\"56200\" class=\"elementor elementor-56200\" data-elementor-post-type=\"page\">\n\t\t\t\t<div class=\"elementor-element elementor-element-3bb40a2d e-con-full e-flex e-con e-parent\" data-id=\"3bb40a2d\" data-element_type=\"container\">\n\t\t<div class=\"elementor-element elementor-element-32c6b3f9 e-flex e-con-boxed e-con e-child\" data-id=\"32c6b3f9\" data-element_type=\"container\">\n\t\t\t\t\t<div class=\"e-con-inner\">\n\t\t<div class=\"elementor-element elementor-element-159a54a5 e-con-full e-flex e-con e-child\" data-id=\"159a54a5\" data-element_type=\"container\">\n\t\t\t\t<div class=\"elementor-element elementor-element-54a6b95 elementor-widget elementor-widget-html\" data-id=\"54a6b95\" data-element_type=\"widget\" data-widget_type=\"html.default\">\n\t\t\t\t<div class=\"elementor-widget-container\">\n\t\t\t<!-- TradingView Widget BEGIN -->\n<div class=\"tradingview-widget-container\">\n  <div class=\"tradingview-widget-container__widget\"><\/div>\n  <div class=\"tradingview-widget-copyright\"><a href=\"https:\/\/es.tradingview.com\/\" rel=\"noopener nofollow\" target=\"_blank\"><span class=\"blue-text\">Siga los mercados en TradingView<\/span><\/a><\/div>\n  <script type=\"text\/javascript\" src=\"https:\/\/s3.tradingview.com\/external-embedding\/embed-widget-symbol-info.js\" async>\n  {\n  \"symbol\": \"BITSTAMP:ETHUSD\",\n  \"width\": \"100%\",\n  \"locale\": \"es\",\n  \"colorTheme\": \"light\",\n  \"isTransparent\": true\n}\n  <\/script>\n<\/div>\n<!-- TradingView Widget END -->\t\t<\/div>\n\t\t\t\t<\/div>\n\t\t\t\t<div class=\"elementor-element elementor-element-14d35be9 elementor-widget elementor-widget-heading\" data-id=\"14d35be9\" data-element_type=\"widget\" data-widget_type=\"heading.default\">\n\t\t\t\t<div class=\"elementor-widget-container\">\n\t\t\t<style>\/*! elementor - v3.21.0 - 15-04-2024 *\/\n.elementor-heading-title{padding:0;margin:0;line-height:1}.elementor-widget-heading .elementor-heading-title[class*=elementor-size-]>a{color:inherit;font-size:inherit;line-height:inherit}.elementor-widget-heading .elementor-heading-title.elementor-size-small{font-size:15px}.elementor-widget-heading .elementor-heading-title.elementor-size-medium{font-size:19px}.elementor-widget-heading .elementor-heading-title.elementor-size-large{font-size:29px}.elementor-widget-heading .elementor-heading-title.elementor-size-xl{font-size:39px}.elementor-widget-heading .elementor-heading-title.elementor-size-xxl{font-size:59px}<\/style><h2 class=\"elementor-heading-title elementor-size-default\">ETH\/USD - CHART <\/h2>\t\t<\/div>\n\t\t\t\t<\/div>\n\t\t\t\t<div class=\"elementor-element elementor-element-64b30dbc elementor-widget elementor-widget-html\" data-id=\"64b30dbc\" data-element_type=\"widget\" data-widget_type=\"html.default\">\n\t\t\t\t<div class=\"elementor-widget-container\">\n\t\t\t<!-- TradingView Widget BEGIN -->\n<div class=\"tradingview-widget-container\">\n  <div id=\"tradingview_ca903\"><\/div>\n  <div class=\"tradingview-widget-copyright\"><a href=\"https:\/\/es.tradingview.com\/\" rel=\"noopener nofollow\" target=\"_blank\"><span class=\"blue-text\">Siga los mercados en TradingView<\/span><\/a><\/div>\n  <script type=\"text\/javascript\" src=\"https:\/\/s3.tradingview.com\/tv.js\"><\/script>\n  <script type=\"text\/javascript\">\n  new TradingView.widget(\n  {\n  \"width\": \"100%\",\n  \"height\": \"610\",\n  \"symbol\": \"BITSTAMP:ETHUSD\",\n  \"interval\": \"D\",\n  \"timezone\": \"Etc\/UTC\",\n  \"theme\": \"light\",\n  \"style\": \"1\",\n  \"locale\": \"es\",\n  \"enable_publishing\": false,\n  \"container_id\": \"tradingview_ca903\"\n}\n  );\n  <\/script>\n<\/div>\n<!-- TradingView Widget END -->\t\t<\/div>\n\t\t\t\t<\/div>\n\t\t\t\t<div class=\"elementor-element elementor-element-11e0fb25 elementor-widget elementor-widget-heading\" data-id=\"11e0fb25\" data-element_type=\"widget\" data-widget_type=\"heading.default\">\n\t\t\t\t<div class=\"elementor-widget-container\">\n\t\t\t<h2 class=\"elementor-heading-title elementor-size-default\">ETHEREUM (ETH) - SENTIMIENTO DEL MERCADO<\/h2>\t\t<\/div>\n\t\t\t\t<\/div>\n\t\t\t\t<div class=\"elementor-element elementor-element-715027a9 elementor-widget elementor-widget-html\" data-id=\"715027a9\" data-element_type=\"widget\" data-widget_type=\"html.default\">\n\t\t\t\t<div class=\"elementor-widget-container\">\n\t\t\t<!-- TradingView Widget BEGIN -->\n<div class=\"tradingview-widget-container\">\n  <div class=\"tradingview-widget-container__widget\"><\/div>\n  <div class=\"tradingview-widget-copyright\"><a href=\"https:\/\/es.tradingview.com\/\" rel=\"noopener nofollow\" target=\"_blank\"><span class=\"blue-text\">Siga los mercados en TradingView<\/span><\/a><\/div>\n  <script type=\"text\/javascript\" src=\"https:\/\/s3.tradingview.com\/external-embedding\/embed-widget-technical-analysis.js\" async>\n  {\n  \"interval\": \"1m\",\n  \"width\": \"100%\",\n  \"isTransparent\": false,\n  \"height\": \"450\",\n  \"symbol\": \"BITSTAMP:ETHUSD\",\n  \"showIntervalTabs\": true,\n  \"displayMode\": \"single\",\n  \"locale\": \"es\",\n  \"colorTheme\": \"light\"\n}\n  <\/script>\n<\/div>\n<!-- TradingView Widget END -->\t\t<\/div>\n\t\t\t\t<\/div>\n\t\t\t\t<div class=\"elementor-element elementor-element-2618e98f elementor-widget elementor-widget-heading\" data-id=\"2618e98f\" data-element_type=\"widget\" data-widget_type=\"heading.default\">\n\t\t\t\t<div class=\"elementor-widget-container\">\n\t\t\t<h2 class=\"elementor-heading-title elementor-size-default\">COTIZACI\u00d3N DE ETHEREUM (ETH)<\/h2>\t\t<\/div>\n\t\t\t\t<\/div>\n\t\t\t\t<div class=\"elementor-element elementor-element-36b21d1e elementor-widget elementor-widget-text-editor\" data-id=\"36b21d1e\" data-element_type=\"widget\" data-widget_type=\"text-editor.default\">\n\t\t\t\t<div class=\"elementor-widget-container\">\n\t\t\t<style>\/*! elementor - v3.21.0 - 15-04-2024 *\/\n.elementor-widget-text-editor.elementor-drop-cap-view-stacked .elementor-drop-cap{background-color:#69727d;color:#fff}.elementor-widget-text-editor.elementor-drop-cap-view-framed .elementor-drop-cap{color:#69727d;border:3px solid;background-color:transparent}.elementor-widget-text-editor:not(.elementor-drop-cap-view-default) .elementor-drop-cap{margin-top:8px}.elementor-widget-text-editor:not(.elementor-drop-cap-view-default) .elementor-drop-cap-letter{width:1em;height:1em}.elementor-widget-text-editor .elementor-drop-cap{float:left;text-align:center;line-height:1;font-size:50px}.elementor-widget-text-editor .elementor-drop-cap-letter{display:inline-block}<\/style>\t\t\t\t<p><strong>Toda la informaci\u00f3n sobre la cotizaci\u00f3n de <a href=\"https:\/\/crypto-economy.com\/es\/que-es-ethereum\/\">Ethereum<\/a> [ETH] a un click<\/strong>, conoce su precio a tiempo real, el volumen que ha movido la criptomoneda en las \u00faltimas 24 horas, el porcentaje que su precio ha variado y otros datos de gran inter\u00e9s para mantenerte informado sobre una de las criptomonedas m\u00e1s importantes.<\/p>\n<p><!-- \/wp:paragraph --><!-- wp:more --><\/p>\n<p><\/p><\/div><\/div><\/div><\/div><\/div><\/div><\/div><p class=\"read-more-container\"><a title=\"Precio de Ethereum [ETH]\" class=\"read-more button\" href=\"https:\/\/crypto-economy.com\/es\/cotizacion-ethereum\/#more-56200\" aria-label=\"Leer m\u00e1s sobre Precio de Ethereum [ETH]\">Leer m\u00e1s<\/a><\/p>","protected":false},"excerpt":{"rendered":"<p>Siga los mercados en TradingView ETH\/USD &#8211; CHART Siga los mercados en TradingView ETHEREUM (ETH) &#8211; SENTIMIENTO DEL MERCADO Siga los mercados en TradingView COTIZACI\u00d3N DE ETHEREUM (ETH) Toda la informaci\u00f3n sobre la cotizaci\u00f3n de Ethereum [ETH] a un click, conoce su precio a tiempo real, el volumen que ha movido la criptomoneda en las &#8230; <\/p>\n<p class=\"read-more-container\"><a title=\"Precio de Ethereum [ETH]\" class=\"read-more button\" href=\"https:\/\/crypto-economy.com\/es\/cotizacion-ethereum\/#more-56200\" aria-label=\"Leer m\u00e1s sobre Precio de Ethereum [ETH]\">Leer m\u00e1s<\/a><\/p>\n","protected":false},"author":2,"featured_media":0,"parent":0,"menu_order":0,"comment_status":"closed","ping_status":"closed","template":"elementor_header_footer","meta":{"footnotes":""},"class_list":["post-56200","page","type-page","status-publish"],"_links":{"self":[{"href":"https:\/\/crypto-economy.com\/es\/wp-json\/wp\/v2\/pages\/56200","targetHints":{"allow":["GET"]}}],"collection":[{"href":"https:\/\/crypto-economy.com\/es\/wp-json\/wp\/v2\/pages"}],"about":[{"href":"https:\/\/crypto-economy.com\/es\/wp-json\/wp\/v2\/types\/page"}],"author":[{"embeddable":true,"href":"https:\/\/crypto-economy.com\/es\/wp-json\/wp\/v2\/users\/2"}],"replies":[{"embeddable":true,"href":"https:\/\/crypto-economy.com\/es\/wp-json\/wp\/v2\/comments?post=56200"}],"version-history":[{"count":0,"href":"https:\/\/crypto-economy.com\/es\/wp-json\/wp\/v2\/pages\/56200\/revisions"}],"wp:attachment":[{"href":"https:\/\/crypto-economy.com\/es\/wp-json\/wp\/v2\/media?parent=56200"}],"curies":[{"name":"wp","href":"https:\/\/api.w.org\/{rel}","templated":true}]}}