{"id":56197,"date":"2017-08-04T00:00:00","date_gmt":"2017-08-04T00:00:00","guid":{"rendered":"<h2><strong>Calendario de ICOs\/IEOs\n<\/strong><\/h2>\n<p style=\"text-align: justify;\">En nuestro calendario de ICOs e IEOs con cuenta atr\u00e1s de eventos del mercado, <strong>encontrar\u00e1s los mejores proyectos blockchain con toda la informaci\u00f3n<\/strong> y enlace"},"modified":"2023-03-20T09:05:48","modified_gmt":"2023-03-20T09:05:48","slug":"countdown-icos-mining-sharedrops-snapshot-blockchain","status":"publish","type":"page","link":"https:\/\/crypto-economy.com\/es\/countdown-icos-mining-sharedrops-snapshot-blockchain\/","title":{"rendered":"CountDown &#8211; Estado de ICOs, Mining, ShareDrops, SnapShot, Token Sales"},"content":{"rendered":"<h2><strong>Calendario de ICOs\/IEOs<br \/>\n<\/strong><\/h2>\n<p style=\"text-align: justify;\">En nuestro calendario de ICOs e IEOs con cuenta atr\u00e1s de eventos del mercado, <strong>encontrar\u00e1s los mejores proyectos blockchain con toda la informaci\u00f3n<\/strong> y enlaces de inter\u00e9s en un mismo lugar.<\/p>\n<p style=\"text-align: justify;\">El calendario de ICOs e IEOs est\u00e1 organizado en tres fases: En curso, pr\u00f3ximos proyectos y Finalizados.<\/p>\n<p style=\"text-align: justify;\">Estar al corriente de las fechas de los diferentes proyectos es beneficioso, ya que la mayor\u00eda de proyectos hacen ofertas y descuentos en sus primeros semanas, con nuestro calendario de ICOs podr\u00e1s beneficiarte de estos descuentos y aprovechar al m\u00e1ximo tu inversi\u00f3n.<\/p>\n<p style=\"text-align: justify;\">Si quieres que a\u00f1adamos a nuestro calendario tu ICO (Initial Con Offering) Airdrop, ShareDrop o SnapShot env\u00edanos un <strong><a href=\"mailto:info@crypto-economy.com\/es\">correo<\/a> <\/strong>y nuestro equipo de especialistas revisar\u00e1 tu proyecto, si cumple con nuestros est\u00e1ndares de calidad ser\u00e1 publicado en nuestras listas.<\/p>\n","protected":false},"excerpt":{"rendered":"<p>Calendario de ICOs\/IEOs En nuestro calendario de ICOs e IEOs con cuenta atr\u00e1s de eventos del mercado, encontrar\u00e1s los mejores proyectos blockchain con toda la informaci\u00f3n y enlaces de inter\u00e9s en un mismo lugar. El calendario de ICOs e IEOs est\u00e1 organizado en tres fases: En curso, pr\u00f3ximos proyectos y Finalizados. Estar al corriente de &#8230; <\/p>\n<p class=\"read-more-container\"><a title=\"CountDown &#8211; Estado de ICOs, Mining, ShareDrops, SnapShot, Token Sales\" class=\"read-more button\" href=\"https:\/\/crypto-economy.com\/es\/countdown-icos-mining-sharedrops-snapshot-blockchain\/#more-56197\" aria-label=\"Leer m\u00e1s sobre CountDown &#8211; Estado de ICOs, Mining, ShareDrops, SnapShot, Token Sales\">Leer m\u00e1s<\/a><\/p>\n","protected":false},"author":2,"featured_media":0,"parent":0,"menu_order":0,"comment_status":"closed","ping_status":"closed","template":"","meta":{"footnotes":""},"class_list":["post-56197","page","type-page","status-publish"],"_links":{"self":[{"href":"https:\/\/crypto-economy.com\/es\/wp-json\/wp\/v2\/pages\/56197","targetHints":{"allow":["GET"]}}],"collection":[{"href":"https:\/\/crypto-economy.com\/es\/wp-json\/wp\/v2\/pages"}],"about":[{"href":"https:\/\/crypto-economy.com\/es\/wp-json\/wp\/v2\/types\/page"}],"author":[{"embeddable":true,"href":"https:\/\/crypto-economy.com\/es\/wp-json\/wp\/v2\/users\/2"}],"replies":[{"embeddable":true,"href":"https:\/\/crypto-economy.com\/es\/wp-json\/wp\/v2\/comments?post=56197"}],"version-history":[{"count":0,"href":"https:\/\/crypto-economy.com\/es\/wp-json\/wp\/v2\/pages\/56197\/revisions"}],"wp:attachment":[{"href":"https:\/\/crypto-economy.com\/es\/wp-json\/wp\/v2\/media?parent=56197"}],"curies":[{"name":"wp","href":"https:\/\/api.w.org\/{rel}","templated":true}]}}