{"id":117401,"date":"2025-10-30T22:19:31","date_gmt":"2025-10-30T22:19:31","guid":{"rendered":"https:\/\/crypto-economy.com\/es\/?page_id=117401"},"modified":"2025-10-30T22:27:02","modified_gmt":"2025-10-30T22:27:02","slug":"requisitos-editoriales-y-politicas-de-publicacion","status":"publish","type":"page","link":"https:\/\/crypto-economy.com\/es\/requisitos-editoriales-y-politicas-de-publicacion\/","title":{"rendered":"Requisitos editoriales y pol\u00edticas de publicaci\u00f3n"},"content":{"rendered":"<p data-start=\"607\" data-end=\"824\">Con el objetivo de garantizar la transparencia, la calidad informativa y el cumplimiento de las pol\u00edticas de Google, <strong data-start=\"724\" data-end=\"778\">todas las publicaciones patrocinadas o de terceros<\/strong> deber\u00e1n ajustarse a los siguientes criterios:<\/p>\n<h3 data-start=\"831\" data-end=\"873\"><strong data-start=\"835\" data-end=\"873\">1. Enfoque editorial e informativo<\/strong><\/h3>\n<ul data-start=\"874\" data-end=\"1427\">\n<li data-start=\"874\" data-end=\"958\">\n<p data-start=\"876\" data-end=\"958\">El contenido debe tener un <strong data-start=\"903\" data-end=\"938\">tono period\u00edstico o informativo<\/strong>, no publicitario.<\/p>\n<\/li>\n<li data-start=\"959\" data-end=\"1146\">\n<p data-start=\"961\" data-end=\"1146\">No se permiten textos de <strong data-start=\"986\" data-end=\"1051\">venta directa, lenguaje promocional o afirmaciones exageradas<\/strong> (por ejemplo: \u201cla mejor inversi\u00f3n\u201d, \u201crendimientos garantizados\u201d, \u201cproyecto revolucionario\u201d).<\/p>\n<\/li>\n<li data-start=\"1147\" data-end=\"1427\">\n<p data-start=\"1149\" data-end=\"1214\">El art\u00edculo debe aportar <strong data-start=\"1174\" data-end=\"1198\">valor real al lector<\/strong>, presentando:<\/p>\n<ul data-start=\"1217\" data-end=\"1427\">\n<li data-start=\"1217\" data-end=\"1290\">\n<p data-start=\"1219\" data-end=\"1290\">Novedades del proyecto (lanzamientos, integraciones, colaboraciones).<\/p>\n<\/li>\n<li data-start=\"1293\" data-end=\"1345\">\n<p data-start=\"1295\" data-end=\"1345\">Avances tecnol\u00f3gicos, funciones, o casos de uso.<\/p>\n<\/li>\n<li data-start=\"1348\" data-end=\"1427\">\n<p data-start=\"1350\" data-end=\"1427\">Declaraciones o hitos relevantes (asociaciones, listados, actualizaciones).<\/p>\n<\/li>\n<\/ul>\n<\/li>\n<\/ul>\n<p data-start=\"1429\" data-end=\"1466\">\u2705 <strong data-start=\"1431\" data-end=\"1464\">Ejemplos de enfoques v\u00e1lidos:<\/strong><\/p>\n<ul data-start=\"1467\" data-end=\"1649\">\n<li data-start=\"1467\" data-end=\"1552\">\n<p data-start=\"1469\" data-end=\"1552\">\u201cEl nuevo marketplace de [proyecto] integrar\u00e1 NFT cross-chain a finales de 2025.\u201d<\/p>\n<\/li>\n<li data-start=\"1553\" data-end=\"1649\">\n<p data-start=\"1555\" data-end=\"1649\">\u201cLa alianza entre [proyecto] y Binance Smart Chain busca reducir comisiones de transacci\u00f3n.\u201d<\/p>\n<\/li>\n<\/ul>\n<h3 data-start=\"1656\" data-end=\"1699\"><strong data-start=\"1660\" data-end=\"1699\">2. Titulares y formato de contenido<\/strong><\/h3>\n<p data-start=\"1700\" data-end=\"1790\">Los titulares deben ser <strong data-start=\"1724\" data-end=\"1789\">coherentes, claros y relevantes con el contenido del art\u00edculo<\/strong>.<\/p>\n<p data-start=\"1792\" data-end=\"1835\">No se aceptar\u00e1n publicaciones que incluyan:<\/p>\n<ol data-start=\"1836\" data-end=\"2873\">\n<li data-start=\"1836\" data-end=\"2006\">\n<p data-start=\"1839\" data-end=\"1914\"><strong data-start=\"1839\" data-end=\"1899\">Listas promocionales o comparativas sin base informativa<\/strong>, tales como:<\/p>\n<ul data-start=\"1918\" data-end=\"2006\">\n<li data-start=\"1918\" data-end=\"1957\">\n<p data-start=\"1920\" data-end=\"1957\">\u201cLas mejores criptomonedas de 2025\u201d<\/p>\n<\/li>\n<li data-start=\"1961\" data-end=\"2006\">\n<p data-start=\"1963\" data-end=\"2006\">\u201cTop 10 casinos cripto para ganar dinero\u201d<\/p>\n<\/li>\n<\/ul>\n<\/li>\n<li data-start=\"2008\" data-end=\"2399\">\n<p data-start=\"2011\" data-end=\"2130\"><strong data-start=\"2011\" data-end=\"2049\">An\u00e1lisis de precios o proyecciones<\/strong> que no est\u00e9n directamente relacionados con el proyecto principal del art\u00edculo.<\/p>\n<ul data-start=\"2134\" data-end=\"2399\">\n<li data-start=\"2134\" data-end=\"2276\">\n<p data-start=\"2136\" data-end=\"2276\">Se permiten predicciones moderadas o comentarios de mercado <strong data-start=\"2196\" data-end=\"2273\">siempre que est\u00e9n bien contextualizados o basados en fuentes verificables<\/strong>.<\/p>\n<\/li>\n<li data-start=\"2280\" data-end=\"2399\">\n<p data-start=\"2282\" data-end=\"2399\">Ejemplo v\u00e1lido: <em data-start=\"2298\" data-end=\"2397\">\u201cSeg\u00fan datos de CoinMarketCap, el token X ha aumentado un 15% tras su integraci\u00f3n con Avalanche.\u201d<\/em><\/p>\n<\/li>\n<\/ul>\n<\/li>\n<li data-start=\"2401\" data-end=\"2703\">\n<p data-start=\"2404\" data-end=\"2579\"><strong data-start=\"2404\" data-end=\"2457\">Menciones a criptomonedas o proyectos reconocidos<\/strong> (Bitcoin, Ethereum, Solana, etc.) \u00fanicamente cuando exista una <strong data-start=\"2521\" data-end=\"2554\">relaci\u00f3n genuina o contextual<\/strong> con el tema principal.<\/p>\n<ul data-start=\"2583\" data-end=\"2703\">\n<li data-start=\"2583\" data-end=\"2703\">\n<p data-start=\"2585\" data-end=\"2703\">Ejemplo v\u00e1lido: <em data-start=\"2601\" data-end=\"2701\">\u201cEl proyecto X adopta la red Lightning de Bitcoin para mejorar la velocidad de sus transacciones.\u201d<\/em><\/p>\n<\/li>\n<\/ul>\n<\/li>\n<li data-start=\"2705\" data-end=\"2873\">\n<p data-start=\"2708\" data-end=\"2760\"><strong data-start=\"2708\" data-end=\"2751\">Evitar clickbait o frases especulativas<\/strong>, como:<\/p>\n<ul data-start=\"2764\" data-end=\"2873\">\n<li data-start=\"2764\" data-end=\"2800\">\n<p data-start=\"2766\" data-end=\"2800\">\u201cEsta cripto te har\u00e1 millonario\u201d<\/p>\n<\/li>\n<li data-start=\"2804\" data-end=\"2828\">\n<p data-start=\"2806\" data-end=\"2828\">\u201cEl pr\u00f3ximo Bitcoin\u201d<\/p>\n<\/li>\n<li data-start=\"2832\" data-end=\"2873\">\n<p data-start=\"2834\" data-end=\"2873\">\u201cProyecto X revolucionar\u00e1 el mercado\u201d<\/p>\n<\/li>\n<\/ul>\n<\/li>\n<\/ol>\n<p data-start=\"2875\" data-end=\"2913\">\u2705 <strong data-start=\"2877\" data-end=\"2911\">Ejemplos de titulares v\u00e1lidos:<\/strong><\/p>\n<ul data-start=\"2914\" data-end=\"3149\">\n<li data-start=\"2914\" data-end=\"3004\">\n<p data-start=\"2916\" data-end=\"3004\">\u201cEl nuevo protocolo de staking de [proyecto] aumenta la eficiencia energ\u00e9tica un 20%.\u201d<\/p>\n<\/li>\n<li data-start=\"3005\" data-end=\"3080\">\n<p data-start=\"3007\" data-end=\"3080\">\u201cLa integraci\u00f3n de [proyecto] con Polygon impulsa su adopci\u00f3n en DeFi.\u201d<\/p>\n<\/li>\n<li data-start=\"3081\" data-end=\"3149\">\n<p data-start=\"3083\" data-end=\"3149\">\u201cEl token [proyecto] completa con \u00e9xito su auditor\u00eda de CertiK.\u201d<\/p>\n<\/li>\n<\/ul>\n<h3 data-start=\"3156\" data-end=\"3189\"><strong data-start=\"3160\" data-end=\"3189\">3. Estructura y extensi\u00f3n<\/strong><\/h3>\n<ul data-start=\"3190\" data-end=\"3665\">\n<li data-start=\"3190\" data-end=\"3229\">\n<p data-start=\"3192\" data-end=\"3229\"><strong data-start=\"3192\" data-end=\"3213\">Extensi\u00f3n m\u00e1xima:<\/strong> 600 palabras.<\/p>\n<\/li>\n<li data-start=\"3230\" data-end=\"3281\">\n<p data-start=\"3232\" data-end=\"3281\"><strong data-start=\"3232\" data-end=\"3265\">Extensi\u00f3n m\u00ednima recomendada:<\/strong> 400 palabras.<\/p>\n<\/li>\n<li data-start=\"3282\" data-end=\"3579\">\n<p data-start=\"3284\" data-end=\"3331\"><strong data-start=\"3284\" data-end=\"3313\">N\u00famero m\u00e1ximo de enlaces:<\/strong> 3 por art\u00edculo.<\/p>\n<ul data-start=\"3334\" data-end=\"3579\">\n<li data-start=\"3334\" data-end=\"3465\">\n<p data-start=\"3336\" data-end=\"3465\">Los enlaces deben apuntar a <strong data-start=\"3364\" data-end=\"3400\">fuentes oficiales o verificables<\/strong> (sitio web del proyecto, blog oficial, whitepaper, auditor\u00eda).<\/p>\n<\/li>\n<li data-start=\"3468\" data-end=\"3579\">\n<p data-start=\"3470\" data-end=\"3579\">No se permiten enlaces repetidos ni anclas manipulativas (por ejemplo: \u201cbuy now\u201d, \u201cbest crypto to invest\u201d).<\/p>\n<\/li>\n<\/ul>\n<\/li>\n<li data-start=\"3580\" data-end=\"3665\">\n<p data-start=\"3582\" data-end=\"3665\"><strong data-start=\"3582\" data-end=\"3601\">Etiquetas HTML:<\/strong> no incluir etiquetas ocultas, iframes, scripts o redirecciones.<\/p>\n<\/li>\n<\/ul>\n<p data-start=\"3667\" data-end=\"3707\">\u2705 <strong data-start=\"3669\" data-end=\"3707\">Ejemplo de estructura recomendada:<\/strong><\/p>\n<ol data-start=\"3708\" data-end=\"3919\">\n<li data-start=\"3708\" data-end=\"3776\">\n<p data-start=\"3711\" data-end=\"3776\">P\u00e1rrafo 1 \u2013 Introducci\u00f3n: qu\u00e9 ha pasado y por qu\u00e9 es relevante.<\/p>\n<\/li>\n<li data-start=\"3777\" data-end=\"3845\">\n<p data-start=\"3780\" data-end=\"3845\">P\u00e1rrafo 2 \u2013 Contexto: detalles t\u00e9cnicos, socios, uso del token.<\/p>\n<\/li>\n<li data-start=\"3846\" data-end=\"3919\">\n<p data-start=\"3849\" data-end=\"3919\">P\u00e1rrafo 3 \u2013 Perspectiva: impacto esperado, pr\u00f3ximas actualizaciones.<\/p>\n<\/li>\n<\/ol>\n<h3 data-start=\"3926\" data-end=\"3956\"><strong data-start=\"3930\" data-end=\"3956\">4. Enlaces y etiquetas<\/strong><\/h3>\n<ul data-start=\"3957\" data-end=\"4287\">\n<li data-start=\"3957\" data-end=\"4057\">\n<p data-start=\"3959\" data-end=\"4057\">Todos los enlaces externos deber\u00e1n incluir los atributos <code data-start=\"4016\" data-end=\"4032\">rel=\"nofollow\"<\/code> y\/o <code data-start=\"4037\" data-end=\"4054\">rel=\"sponsored\"<\/code>.<\/p>\n<\/li>\n<li data-start=\"4058\" data-end=\"4174\">\n<p data-start=\"4060\" data-end=\"4174\">Los enlaces deben integrarse <strong data-start=\"4089\" data-end=\"4109\">de forma natural<\/strong> dentro del texto, evitando repeticiones o densidad artificial.<\/p>\n<\/li>\n<\/ul>\n<h3 data-start=\"4294\" data-end=\"4327\"><strong data-start=\"4298\" data-end=\"4327\">5. Disclaimer obligatorio<\/strong><\/h3>\n<p data-start=\"4328\" data-end=\"4442\">Todas las publicaciones deber\u00e1n incluir al final del art\u00edculo el siguiente texto, a\u00f1adido por el equipo editorial:<\/p>\n<blockquote data-start=\"4444\" data-end=\"4749\">\n<p data-start=\"4446\" data-end=\"4749\"><strong data-start=\"4446\" data-end=\"4461\">Disclaimer:<\/strong> Este art\u00edculo ha sido proporcionado por un tercero con fines informativos. Crypto Economy no respalda ni garantiza el rendimiento o legitimidad de los proyectos mencionados. Recomendamos realizar su propia investigaci\u00f3n antes de participar en cualquier actividad de inversi\u00f3n o preventa.<\/p>\n<\/blockquote>\n<h3 data-start=\"4756\" data-end=\"4789\"><\/h3>\n<h3 data-start=\"4756\" data-end=\"4789\"><strong data-start=\"4760\" data-end=\"4789\">6. Duraci\u00f3n y visibilidad<\/strong><\/h3>\n<ul data-start=\"4790\" data-end=\"5040\">\n<li data-start=\"4790\" data-end=\"4853\">\n<p data-start=\"4792\" data-end=\"4853\">Los art\u00edculos permanecer\u00e1n publicados durante <strong data-start=\"4838\" data-end=\"4850\">12 meses<\/strong>.<\/p>\n<\/li>\n<li data-start=\"4854\" data-end=\"5040\">\n<p data-start=\"4856\" data-end=\"5040\">Crypto Economy garantiza la <strong data-start=\"4884\" data-end=\"4913\">permanencia del contenido<\/strong>, pero <strong data-start=\"4920\" data-end=\"4965\">no su indexaci\u00f3n o posici\u00f3n en buscadores<\/strong>, ya que esto depende de las pol\u00edticas de Google y de la calidad del texto.<\/p>\n<\/li>\n<\/ul>\n<h3 data-start=\"5047\" data-end=\"5081\"><strong data-start=\"5051\" data-end=\"5081\">7. Revisi\u00f3n y cumplimiento<\/strong><\/h3>\n<ul data-start=\"5082\" data-end=\"5440\">\n<li data-start=\"5082\" data-end=\"5167\">\n<p data-start=\"5084\" data-end=\"5167\">Todo contenido ser\u00e1 <strong data-start=\"5104\" data-end=\"5140\">revisado por el equipo editorial<\/strong> antes de su publicaci\u00f3n.<\/p>\n<\/li>\n<li data-start=\"5168\" data-end=\"5332\">\n<p data-start=\"5170\" data-end=\"5332\">Crypto Economy se reserva el derecho de <strong data-start=\"5210\" data-end=\"5241\">editar o rechazar art\u00edculos<\/strong> que no cumplan con las pol\u00edticas de calidad o que Google pueda considerar manipulativos.<\/p>\n<\/li>\n<li data-start=\"5333\" data-end=\"5440\">\n<p data-start=\"5335\" data-end=\"5440\">En caso de incumplimientos reiterados, el cliente podr\u00e1 ser <strong data-start=\"5395\" data-end=\"5439\">suspendido del programa de publicaciones<\/strong>.<\/p>\n<\/li>\n<\/ul>\n<h3 data-start=\"5447\" data-end=\"5500\"><strong data-start=\"5451\" data-end=\"5500\">8. Recomendaciones para mejorar la aprobaci\u00f3n<\/strong><\/h3>\n<ul data-start=\"5501\" data-end=\"5894\">\n<li data-start=\"5501\" data-end=\"5583\">\n<p data-start=\"5503\" data-end=\"5583\">Utilizar <strong data-start=\"5512\" data-end=\"5536\">fuentes verificables<\/strong> (auditor\u00edas, comunicados, tweets oficiales).<\/p>\n<\/li>\n<li data-start=\"5584\" data-end=\"5667\">\n<p data-start=\"5586\" data-end=\"5667\">Incluir <strong data-start=\"5594\" data-end=\"5628\">contexto t\u00e9cnico o de utilidad<\/strong> (no solo descripciones comerciales).<\/p>\n<\/li>\n<li data-start=\"5668\" data-end=\"5742\">\n<p data-start=\"5670\" data-end=\"5742\">Evitar repetir la misma keyword en varios art\u00edculos del mismo cliente.<\/p>\n<\/li>\n<li data-start=\"5743\" data-end=\"5823\">\n<p data-start=\"5745\" data-end=\"5823\">No incluir predicciones de precios sin referencia clara o sin fuente citada.<\/p>\n<\/li>\n<li data-start=\"5824\" data-end=\"5894\">\n<p data-start=\"5826\" data-end=\"5894\">Mantener un tono profesional y claro, evitando excesiva promoci\u00f3n.<\/p>\n<\/li>\n<\/ul>\n<h3 data-start=\"5901\" data-end=\"5948\"><strong data-start=\"5905\" data-end=\"5948\">9. Cumplimiento con pol\u00edticas de Google<\/strong><\/h3>\n<p data-start=\"5949\" data-end=\"6218\">Estas medidas se aplican para garantizar el cumplimiento de las <strong data-start=\"6013\" data-end=\"6087\">Pol\u00edticas de Contenido de Google sobre el abuso de reputaci\u00f3n de sitio<\/strong>, proteger la credibilidad de Crypto Economy y mantener una relaci\u00f3n editorial transparente con todos los colaboradores y clientes.<\/p>\n","protected":false},"excerpt":{"rendered":"<p>Con el objetivo de garantizar la transparencia, la calidad informativa y el cumplimiento de las pol\u00edticas de Google, todas las publicaciones patrocinadas o de terceros deber\u00e1n ajustarse a los siguientes criterios: 1. Enfoque editorial e informativo El contenido debe tener un tono period\u00edstico o informativo, no publicitario. No se permiten textos de venta directa, lenguaje &#8230; <\/p>\n<p class=\"read-more-container\"><a title=\"Requisitos editoriales y pol\u00edticas de publicaci\u00f3n\" class=\"read-more button\" href=\"https:\/\/crypto-economy.com\/es\/requisitos-editoriales-y-politicas-de-publicacion\/#more-117401\" aria-label=\"Leer m\u00e1s sobre Requisitos editoriales y pol\u00edticas de publicaci\u00f3n\">Leer m\u00e1s<\/a><\/p>\n","protected":false},"author":2,"featured_media":0,"parent":0,"menu_order":0,"comment_status":"closed","ping_status":"closed","template":"","meta":{"footnotes":""},"class_list":["post-117401","page","type-page","status-publish"],"_links":{"self":[{"href":"https:\/\/crypto-economy.com\/es\/wp-json\/wp\/v2\/pages\/117401","targetHints":{"allow":["GET"]}}],"collection":[{"href":"https:\/\/crypto-economy.com\/es\/wp-json\/wp\/v2\/pages"}],"about":[{"href":"https:\/\/crypto-economy.com\/es\/wp-json\/wp\/v2\/types\/page"}],"author":[{"embeddable":true,"href":"https:\/\/crypto-economy.com\/es\/wp-json\/wp\/v2\/users\/2"}],"replies":[{"embeddable":true,"href":"https:\/\/crypto-economy.com\/es\/wp-json\/wp\/v2\/comments?post=117401"}],"version-history":[{"count":2,"href":"https:\/\/crypto-economy.com\/es\/wp-json\/wp\/v2\/pages\/117401\/revisions"}],"predecessor-version":[{"id":117403,"href":"https:\/\/crypto-economy.com\/es\/wp-json\/wp\/v2\/pages\/117401\/revisions\/117403"}],"wp:attachment":[{"href":"https:\/\/crypto-economy.com\/es\/wp-json\/wp\/v2\/media?parent=117401"}],"curies":[{"name":"wp","href":"https:\/\/api.w.org\/{rel}","templated":true}]}}